{"id":14305,"date":"2022-03-03T20:01:58","date_gmt":"2022-03-03T19:01:58","guid":{"rendered":"https:\/\/centarzaprirodnumedicinu.com\/product\/nacela-zdravog-zivota\/"},"modified":"2022-05-05T12:48:30","modified_gmt":"2022-05-05T10:48:30","slug":"nacela-zdravog-zivota","status":"publish","type":"product","link":"https:\/\/www.centarzaprirodnumedicinu.com\/test\/p\/knjige\/nacela-zdravog-zivota\/","title":{"rendered":"Na\u010dela zdravog \u017eivota"},"content":{"rendered":"<p>PO\u010cNITE ISPO\u010cETKA, ako \u017eelite da napredujete, da budete bolja osoba, za to je potreban poseban um. Treba stalno u\u010diti i rasti. Mo\u017eda \u0107e vas ne\u0161to u ovom izlaganju iznenaditi, ili se ne\u0107ete sloziti sa ne\u010dim, ali se nemojte ljutiti. Razmi\u0161ljajte o novim idejama, iza\u0111ite iz kalupa da bi bili bolja osoba. Vi to mo\u017eete ako ho\u0107ete. . .<\/p>\n","protected":false},"excerpt":{"rendered":"<p>PO\u010cNITE ISPO\u010cETKA, ako \u017eelite da napredujete, da budete bolja osoba, za to je potreban poseban um. Treba stalno u\u010diti i<\/p>\n","protected":false},"featured_media":13650,"comment_status":"open","ping_status":"open","template":"","meta":[],"product_brand":[],"product_cat":[3213],"product_tag":[],"class_list":{"0":"post-14305","1":"product","2":"type-product","3":"status-publish","4":"has-post-thumbnail","6":"product_cat-knjige","7":"pa_autor-dr-pol-volk","8":"pa_broj-strana-3334","9":"pa_download-naziv-3336","10":"pa_format-a6-145-x-105-cm","12":"first","13":"instock","14":"purchasable","15":"product-type-simple"},"_links":{"self":[{"href":"https:\/\/www.centarzaprirodnumedicinu.com\/test\/wp-json\/wp\/v2\/product\/14305","targetHints":{"allow":["GET"]}}],"collection":[{"href":"https:\/\/www.centarzaprirodnumedicinu.com\/test\/wp-json\/wp\/v2\/product"}],"about":[{"href":"https:\/\/www.centarzaprirodnumedicinu.com\/test\/wp-json\/wp\/v2\/types\/product"}],"replies":[{"embeddable":true,"href":"https:\/\/www.centarzaprirodnumedicinu.com\/test\/wp-json\/wp\/v2\/comments?post=14305"}],"version-history":[{"count":0,"href":"https:\/\/www.centarzaprirodnumedicinu.com\/test\/wp-json\/wp\/v2\/product\/14305\/revisions"}],"wp:featuredmedia":[{"embeddable":true,"href":"https:\/\/www.centarzaprirodnumedicinu.com\/test\/wp-json\/wp\/v2\/media\/13650"}],"wp:attachment":[{"href":"https:\/\/www.centarzaprirodnumedicinu.com\/test\/wp-json\/wp\/v2\/media?parent=14305"}],"wp:term":[{"taxonomy":"product_brand","embeddable":true,"href":"https:\/\/www.centarzaprirodnumedicinu.com\/test\/wp-json\/wp\/v2\/product_brand?post=14305"},{"taxonomy":"product_cat","embeddable":true,"href":"https:\/\/www.centarzaprirodnumedicinu.com\/test\/wp-json\/wp\/v2\/product_cat?post=14305"},{"taxonomy":"product_tag","embeddable":true,"href":"https:\/\/www.centarzaprirodnumedicinu.com\/test\/wp-json\/wp\/v2\/product_tag?post=14305"}],"curies":[{"name":"wp","href":"https:\/\/api.w.org\/{rel}","templated":true}]}}