{"id":14303,"date":"2022-03-03T20:01:58","date_gmt":"2022-03-03T19:01:58","guid":{"rendered":"https:\/\/centarzaprirodnumedicinu.com\/product\/kako-sam-pobedila-rak\/"},"modified":"2024-03-13T07:21:02","modified_gmt":"2024-03-13T06:21:02","slug":"kako-sam-pobedila-rak","status":"publish","type":"product","link":"https:\/\/www.centarzaprirodnumedicinu.com\/test\/p\/knjige\/kako-sam-pobedila-rak\/","title":{"rendered":"Kako sam pobedila rak"},"content":{"rendered":"<p>Zdrav \u010dovek ima 1000 \u017eelja, a bolestan samo jednu &#8211; da ozdravi! Vama koji ste ve\u0107 bolesni od bilo koje degenerativne bolesti dana\u0161njice, ne samo od raka, pru\u017ea siguran putokaz od strane medicinskog stru\u010dnjaka koja je sama isprobala preko 40 alternativnih terapija i izvela jednostavan sistem prirodnih 10 zapovesti zdravlja. Inspirativna i dokumentovana, ova knjiga ne daje odgovor samo onima sa jednom \u017eeljom.<\/p>\n<p>Onima koji jo\u0161 uvek imaju mno\u0161tvo \u017eelja otkriva svakodnevni stil \u017eivljenja koji omogu\u0107ava da ih jo\u0161 dugo ostvaruju u dobrom zdravlju! . . .<\/p>\n","protected":false},"excerpt":{"rendered":"<p>Zdrav \u010dovek ima 1000 \u017eelja, a bolestan samo jednu &#8211; da ozdravi! Vama koji ste ve\u0107 bolesni od bilo koje<\/p>\n","protected":false},"featured_media":13648,"comment_status":"open","ping_status":"open","template":"","meta":[],"product_brand":[],"product_cat":[3213],"product_tag":[],"class_list":{"0":"post-14303","1":"product","2":"type-product","3":"status-publish","4":"has-post-thumbnail","6":"product_cat-knjige","7":"pa_autor-dr-lorin-dej","8":"pa_broj-strana-3329","9":"pa_download-naziv-3330","10":"pa_format-a6-145-x-105-cm","12":"first","13":"instock","14":"purchasable","15":"product-type-simple"},"_links":{"self":[{"href":"https:\/\/www.centarzaprirodnumedicinu.com\/test\/wp-json\/wp\/v2\/product\/14303","targetHints":{"allow":["GET"]}}],"collection":[{"href":"https:\/\/www.centarzaprirodnumedicinu.com\/test\/wp-json\/wp\/v2\/product"}],"about":[{"href":"https:\/\/www.centarzaprirodnumedicinu.com\/test\/wp-json\/wp\/v2\/types\/product"}],"replies":[{"embeddable":true,"href":"https:\/\/www.centarzaprirodnumedicinu.com\/test\/wp-json\/wp\/v2\/comments?post=14303"}],"version-history":[{"count":0,"href":"https:\/\/www.centarzaprirodnumedicinu.com\/test\/wp-json\/wp\/v2\/product\/14303\/revisions"}],"wp:featuredmedia":[{"embeddable":true,"href":"https:\/\/www.centarzaprirodnumedicinu.com\/test\/wp-json\/wp\/v2\/media\/13648"}],"wp:attachment":[{"href":"https:\/\/www.centarzaprirodnumedicinu.com\/test\/wp-json\/wp\/v2\/media?parent=14303"}],"wp:term":[{"taxonomy":"product_brand","embeddable":true,"href":"https:\/\/www.centarzaprirodnumedicinu.com\/test\/wp-json\/wp\/v2\/product_brand?post=14303"},{"taxonomy":"product_cat","embeddable":true,"href":"https:\/\/www.centarzaprirodnumedicinu.com\/test\/wp-json\/wp\/v2\/product_cat?post=14303"},{"taxonomy":"product_tag","embeddable":true,"href":"https:\/\/www.centarzaprirodnumedicinu.com\/test\/wp-json\/wp\/v2\/product_tag?post=14303"}],"curies":[{"name":"wp","href":"https:\/\/api.w.org\/{rel}","templated":true}]}}