{"id":14302,"date":"2022-03-03T20:01:58","date_gmt":"2022-03-03T19:01:58","guid":{"rendered":"https:\/\/centarzaprirodnumedicinu.com\/product\/otrov-sa-velikim-k\/"},"modified":"2022-05-05T12:48:34","modified_gmt":"2022-05-05T10:48:34","slug":"otrov-sa-velikim-k","status":"publish","type":"product","link":"https:\/\/www.centarzaprirodnumedicinu.com\/test\/p\/knjige\/otrov-sa-velikim-k\/","title":{"rendered":"Otrov sa velikim K"},"content":{"rendered":"<p>\u201eSme\u0111i napici&#8220; predstavljaju podmuklu vojsku supstanci koje su me\u0111usobno povezane svojim sli\u010dnim na\u010dinom prikrivenog ratovanja protiv ljudskog tela. Sme\u0111i napici i \u010dokolada su op\u010dinjavaju\u0107i poput sirena iz gr\u010dke mitologije &#8211; pesma im je slatka, ali je kraj zaista gorak. . .<\/p>\n","protected":false},"excerpt":{"rendered":"<p>\u201eSme\u0111i napici&#8220; predstavljaju podmuklu vojsku supstanci koje su me\u0111usobno povezane svojim sli\u010dnim na\u010dinom prikrivenog ratovanja protiv ljudskog tela. Sme\u0111i napici<\/p>\n","protected":false},"featured_media":13647,"comment_status":"open","ping_status":"open","template":"","meta":[],"product_brand":[],"product_cat":[3213],"product_tag":[],"class_list":{"0":"post-14302","1":"product","2":"type-product","3":"status-publish","4":"has-post-thumbnail","6":"product_cat-knjige","7":"pa_autor-dr-kelvin-tres","8":"pa_broj-strana-3326","9":"pa_download-naziv-3328","10":"pa_format-a6-145-x-105-cm","12":"first","13":"instock","14":"purchasable","15":"product-type-simple"},"_links":{"self":[{"href":"https:\/\/www.centarzaprirodnumedicinu.com\/test\/wp-json\/wp\/v2\/product\/14302","targetHints":{"allow":["GET"]}}],"collection":[{"href":"https:\/\/www.centarzaprirodnumedicinu.com\/test\/wp-json\/wp\/v2\/product"}],"about":[{"href":"https:\/\/www.centarzaprirodnumedicinu.com\/test\/wp-json\/wp\/v2\/types\/product"}],"replies":[{"embeddable":true,"href":"https:\/\/www.centarzaprirodnumedicinu.com\/test\/wp-json\/wp\/v2\/comments?post=14302"}],"version-history":[{"count":0,"href":"https:\/\/www.centarzaprirodnumedicinu.com\/test\/wp-json\/wp\/v2\/product\/14302\/revisions"}],"wp:featuredmedia":[{"embeddable":true,"href":"https:\/\/www.centarzaprirodnumedicinu.com\/test\/wp-json\/wp\/v2\/media\/13647"}],"wp:attachment":[{"href":"https:\/\/www.centarzaprirodnumedicinu.com\/test\/wp-json\/wp\/v2\/media?parent=14302"}],"wp:term":[{"taxonomy":"product_brand","embeddable":true,"href":"https:\/\/www.centarzaprirodnumedicinu.com\/test\/wp-json\/wp\/v2\/product_brand?post=14302"},{"taxonomy":"product_cat","embeddable":true,"href":"https:\/\/www.centarzaprirodnumedicinu.com\/test\/wp-json\/wp\/v2\/product_cat?post=14302"},{"taxonomy":"product_tag","embeddable":true,"href":"https:\/\/www.centarzaprirodnumedicinu.com\/test\/wp-json\/wp\/v2\/product_tag?post=14302"}],"curies":[{"name":"wp","href":"https:\/\/api.w.org\/{rel}","templated":true}]}}