{"id":14301,"date":"2022-03-03T20:01:49","date_gmt":"2022-03-03T19:01:49","guid":{"rendered":"https:\/\/centarzaprirodnumedicinu.com\/product\/lecenje-bolesti-sirovom-hranom\/"},"modified":"2022-05-05T12:48:22","modified_gmt":"2022-05-05T10:48:22","slug":"lecenje-bolesti-sirovom-hranom","status":"publish","type":"product","link":"https:\/\/www.centarzaprirodnumedicinu.com\/test\/p\/knjige\/lecenje-bolesti-sirovom-hranom\/","title":{"rendered":"Le\u010denje bolesti sirovom hranom"},"content":{"rendered":"<p>&#8222;Otkrila sam rak, umorna i slaba kakva sam bila, obratila sam pa\u017enju na to tek pet nedelja kasnije. \u010cvor bio velicine kokosijeg jajeta, urastao je u ko\u017eu &#8211; stvar koju samo rak cini. Kao lekar, videla sam dovoljno da budem nevoljna da se podvrgnem metodi le\u010denja raka koji se generalno primenjivao.<\/p>\n<p>Posavetovala sam se sa svojim dobrim prijateljem, koji me je odvra\u0107ao od probne mikroskopije. To bi otvorilo krvne sudove i rak bi se ra\u0161irio; tako da sam odustala od toga. Tada sam osetila da je sasvim prirodno da pre\u0111em na stoprocentnu ishranu sirovom biljnom hranom&#8220;. . .<\/p>\n","protected":false},"excerpt":{"rendered":"<p>&#8222;Otkrila sam rak, umorna i slaba kakva sam bila, obratila sam pa\u017enju na to tek pet nedelja kasnije. \u010cvor bio<\/p>\n","protected":false},"featured_media":13646,"comment_status":"open","ping_status":"open","template":"","meta":[],"product_brand":[],"product_cat":[3213],"product_tag":[],"class_list":{"0":"post-14301","1":"product","2":"type-product","3":"status-publish","4":"has-post-thumbnail","6":"product_cat-knjige","7":"pa_autor-dr-kristin-nolfi","8":"pa_broj-strana-3323","9":"pa_download-naziv-3325","10":"pa_format-a6-145-x-105-cm","12":"first","13":"instock","14":"purchasable","15":"product-type-simple"},"_links":{"self":[{"href":"https:\/\/www.centarzaprirodnumedicinu.com\/test\/wp-json\/wp\/v2\/product\/14301","targetHints":{"allow":["GET"]}}],"collection":[{"href":"https:\/\/www.centarzaprirodnumedicinu.com\/test\/wp-json\/wp\/v2\/product"}],"about":[{"href":"https:\/\/www.centarzaprirodnumedicinu.com\/test\/wp-json\/wp\/v2\/types\/product"}],"replies":[{"embeddable":true,"href":"https:\/\/www.centarzaprirodnumedicinu.com\/test\/wp-json\/wp\/v2\/comments?post=14301"}],"version-history":[{"count":0,"href":"https:\/\/www.centarzaprirodnumedicinu.com\/test\/wp-json\/wp\/v2\/product\/14301\/revisions"}],"wp:featuredmedia":[{"embeddable":true,"href":"https:\/\/www.centarzaprirodnumedicinu.com\/test\/wp-json\/wp\/v2\/media\/13646"}],"wp:attachment":[{"href":"https:\/\/www.centarzaprirodnumedicinu.com\/test\/wp-json\/wp\/v2\/media?parent=14301"}],"wp:term":[{"taxonomy":"product_brand","embeddable":true,"href":"https:\/\/www.centarzaprirodnumedicinu.com\/test\/wp-json\/wp\/v2\/product_brand?post=14301"},{"taxonomy":"product_cat","embeddable":true,"href":"https:\/\/www.centarzaprirodnumedicinu.com\/test\/wp-json\/wp\/v2\/product_cat?post=14301"},{"taxonomy":"product_tag","embeddable":true,"href":"https:\/\/www.centarzaprirodnumedicinu.com\/test\/wp-json\/wp\/v2\/product_tag?post=14301"}],"curies":[{"name":"wp","href":"https:\/\/api.w.org\/{rel}","templated":true}]}}