{"id":14300,"date":"2022-03-03T20:01:49","date_gmt":"2022-03-03T19:01:49","guid":{"rendered":"https:\/\/centarzaprirodnumedicinu.com\/product\/lecenje-vida-na-prirodan-nacin\/"},"modified":"2022-05-05T12:48:15","modified_gmt":"2022-05-05T10:48:15","slug":"lecenje-vida-na-prirodan-nacin","status":"publish","type":"product","link":"https:\/\/www.centarzaprirodnumedicinu.com\/test\/p\/knjige\/lecenje-vida-na-prirodan-nacin\/","title":{"rendered":"Le\u010denje vida na prirodan na\u010din"},"content":{"rendered":"<p>Sjajna otkri\u0107a koja pokazuju da se vid mo\u017ee ispraviti, kao i druge o\u010dne bolesti, jer do poreme\u0107aja dolazi zbog zamora i deformacije o\u010dnih mi\u0161i\u0107a. Nao\u010dari su samo pomagalo da \u010dovek bolje vidi, ali ne i sredstvo za ispravljanje vida.<\/p>\n<p>Prirodni zakoni su primenljivi na svakog \u010doveka i na svaki deo tela, dakle i na o\u010di. Stoga je imperativ da shvatimo prirodne zakone o zdravlju i da \u017eivimo u granicama istih, \u0161to je jedini na\u010din da ostanemo zdravi i bez ikakve bolesti.<\/p>\n","protected":false},"excerpt":{"rendered":"<p>Sjajna otkri\u0107a koja pokazuju da se vid mo\u017ee ispraviti, kao i druge o\u010dne bolesti, jer do poreme\u0107aja dolazi zbog zamora<\/p>\n","protected":false},"featured_media":13645,"comment_status":"open","ping_status":"open","template":"","meta":[],"product_brand":[],"product_cat":[3213],"product_tag":[],"class_list":{"0":"post-14300","1":"product","2":"type-product","3":"status-publish","4":"has-post-thumbnail","6":"product_cat-knjige","7":"pa_autor-dr-lorin-dej","8":"pa_broj-strana-3319","9":"pa_download-naziv-3322","10":"pa_format-a6-145-x-105-cm","12":"first","13":"instock","14":"purchasable","15":"product-type-simple"},"_links":{"self":[{"href":"https:\/\/www.centarzaprirodnumedicinu.com\/test\/wp-json\/wp\/v2\/product\/14300","targetHints":{"allow":["GET"]}}],"collection":[{"href":"https:\/\/www.centarzaprirodnumedicinu.com\/test\/wp-json\/wp\/v2\/product"}],"about":[{"href":"https:\/\/www.centarzaprirodnumedicinu.com\/test\/wp-json\/wp\/v2\/types\/product"}],"replies":[{"embeddable":true,"href":"https:\/\/www.centarzaprirodnumedicinu.com\/test\/wp-json\/wp\/v2\/comments?post=14300"}],"version-history":[{"count":0,"href":"https:\/\/www.centarzaprirodnumedicinu.com\/test\/wp-json\/wp\/v2\/product\/14300\/revisions"}],"wp:featuredmedia":[{"embeddable":true,"href":"https:\/\/www.centarzaprirodnumedicinu.com\/test\/wp-json\/wp\/v2\/media\/13645"}],"wp:attachment":[{"href":"https:\/\/www.centarzaprirodnumedicinu.com\/test\/wp-json\/wp\/v2\/media?parent=14300"}],"wp:term":[{"taxonomy":"product_brand","embeddable":true,"href":"https:\/\/www.centarzaprirodnumedicinu.com\/test\/wp-json\/wp\/v2\/product_brand?post=14300"},{"taxonomy":"product_cat","embeddable":true,"href":"https:\/\/www.centarzaprirodnumedicinu.com\/test\/wp-json\/wp\/v2\/product_cat?post=14300"},{"taxonomy":"product_tag","embeddable":true,"href":"https:\/\/www.centarzaprirodnumedicinu.com\/test\/wp-json\/wp\/v2\/product_tag?post=14300"}],"curies":[{"name":"wp","href":"https:\/\/api.w.org\/{rel}","templated":true}]}}