{"id":14298,"date":"2022-03-03T20:01:49","date_gmt":"2022-03-03T19:01:49","guid":{"rendered":"https:\/\/centarzaprirodnumedicinu.com\/product\/organska-basta\/"},"modified":"2024-03-13T07:20:48","modified_gmt":"2024-03-13T06:20:48","slug":"organska-basta","status":"publish","type":"product","link":"https:\/\/www.centarzaprirodnumedicinu.com\/test\/p\/knjige\/organska-basta\/","title":{"rendered":"Organska ba\u0161ta"},"content":{"rendered":"<p>Organska ba\u0161ta &#8211; velika enciklopedija organskog ba\u0161tovanstva (Najnovija i sveobuhvatna knjiga iz ove oblasti) Prosto re\u010deno, organsko ba\u0161tovanstvo je stil ba\u0161tovanstva koji vodi ra\u010duna o za\u0161titi prirodne sredine i \u010doveka.<\/p>\n<p>Metode ovog ba\u0161tovanstva mo\u017ee da primenjuje svako, s ciljem da se stvori i odr\u017ei ba\u0161ta gotovo svakog oblika, veli\u010dine i stila, na bilo kom mestu.<\/p>\n<p>Organsko ba\u0161tovanstvo pru\u017ea vam priliku da stvorite ba\u0161tu kakvu \u017eelite, uz saznanje da doprinosite zastiti \u0161ire okoline.<\/p>\n","protected":false},"excerpt":{"rendered":"<p>Organska ba\u0161ta &#8211; velika enciklopedija organskog ba\u0161tovanstva (Najnovija i sveobuhvatna knjiga iz ove oblasti) Prosto re\u010deno, organsko ba\u0161tovanstvo je stil<\/p>\n","protected":false},"featured_media":13643,"comment_status":"open","ping_status":"closed","template":"","meta":[],"product_brand":[],"product_cat":[3213],"product_tag":[],"class_list":{"0":"post-14298","1":"product","2":"type-product","3":"status-publish","4":"has-post-thumbnail","6":"product_cat-knjige","7":"pa_autor-polina-pirs","8":"pa_broj-strana-3312","9":"pa_download-naziv-3315","10":"pa_format-b5-165-x-235-cm","12":"first","13":"outofstock","14":"sale","15":"purchasable","16":"product-type-simple"},"_links":{"self":[{"href":"https:\/\/www.centarzaprirodnumedicinu.com\/test\/wp-json\/wp\/v2\/product\/14298","targetHints":{"allow":["GET"]}}],"collection":[{"href":"https:\/\/www.centarzaprirodnumedicinu.com\/test\/wp-json\/wp\/v2\/product"}],"about":[{"href":"https:\/\/www.centarzaprirodnumedicinu.com\/test\/wp-json\/wp\/v2\/types\/product"}],"replies":[{"embeddable":true,"href":"https:\/\/www.centarzaprirodnumedicinu.com\/test\/wp-json\/wp\/v2\/comments?post=14298"}],"version-history":[{"count":0,"href":"https:\/\/www.centarzaprirodnumedicinu.com\/test\/wp-json\/wp\/v2\/product\/14298\/revisions"}],"wp:featuredmedia":[{"embeddable":true,"href":"https:\/\/www.centarzaprirodnumedicinu.com\/test\/wp-json\/wp\/v2\/media\/13643"}],"wp:attachment":[{"href":"https:\/\/www.centarzaprirodnumedicinu.com\/test\/wp-json\/wp\/v2\/media?parent=14298"}],"wp:term":[{"taxonomy":"product_brand","embeddable":true,"href":"https:\/\/www.centarzaprirodnumedicinu.com\/test\/wp-json\/wp\/v2\/product_brand?post=14298"},{"taxonomy":"product_cat","embeddable":true,"href":"https:\/\/www.centarzaprirodnumedicinu.com\/test\/wp-json\/wp\/v2\/product_cat?post=14298"},{"taxonomy":"product_tag","embeddable":true,"href":"https:\/\/www.centarzaprirodnumedicinu.com\/test\/wp-json\/wp\/v2\/product_tag?post=14298"}],"curies":[{"name":"wp","href":"https:\/\/api.w.org\/{rel}","templated":true}]}}