{"id":14297,"date":"2022-03-03T20:01:49","date_gmt":"2022-03-03T19:01:49","guid":{"rendered":"https:\/\/centarzaprirodnumedicinu.com\/product\/misticna-medicina\/"},"modified":"2022-05-05T12:48:28","modified_gmt":"2022-05-05T10:48:28","slug":"misticna-medicina","status":"publish","type":"product","link":"https:\/\/www.centarzaprirodnumedicinu.com\/test\/p\/knjige\/misticna-medicina\/","title":{"rendered":"Misti\u010dna medicina"},"content":{"rendered":"<p>&#8222;Ova knjiga je napisana kao dokument o mojoj li\u010dnoj potrazi za istinskim saznanjem o le\u010denju. Istra\u017eivanje me je odvelo na \u0161iroke i razne puteve &#8211; istorije, mitologije, psihologije, spiritizma, savremene i drevne medicine, kao i religije.&#8220;<\/p>\n<p>Opasnosti koje se kriju iza akupunkture, akopresure, homeopatije, iridologije, radiestezije, refleksologije i drugih ve\u0161tina. . .<\/p>\n","protected":false},"excerpt":{"rendered":"<p>&#8222;Ova knjiga je napisana kao dokument o mojoj li\u010dnoj potrazi za istinskim saznanjem o le\u010denju. Istra\u017eivanje me je odvelo na<\/p>\n","protected":false},"featured_media":13642,"comment_status":"open","ping_status":"open","template":"","meta":[],"product_brand":[],"product_cat":[3213],"product_tag":[],"class_list":{"0":"post-14297","1":"product","2":"type-product","3":"status-publish","4":"has-post-thumbnail","6":"product_cat-knjige","7":"pa_autor-dr-voren-piters","8":"pa_broj-strana-3309","9":"pa_download-naziv-3311","10":"pa_format-a5-21-x-145-cm","12":"first","13":"instock","14":"purchasable","15":"product-type-simple"},"_links":{"self":[{"href":"https:\/\/www.centarzaprirodnumedicinu.com\/test\/wp-json\/wp\/v2\/product\/14297","targetHints":{"allow":["GET"]}}],"collection":[{"href":"https:\/\/www.centarzaprirodnumedicinu.com\/test\/wp-json\/wp\/v2\/product"}],"about":[{"href":"https:\/\/www.centarzaprirodnumedicinu.com\/test\/wp-json\/wp\/v2\/types\/product"}],"replies":[{"embeddable":true,"href":"https:\/\/www.centarzaprirodnumedicinu.com\/test\/wp-json\/wp\/v2\/comments?post=14297"}],"version-history":[{"count":0,"href":"https:\/\/www.centarzaprirodnumedicinu.com\/test\/wp-json\/wp\/v2\/product\/14297\/revisions"}],"wp:featuredmedia":[{"embeddable":true,"href":"https:\/\/www.centarzaprirodnumedicinu.com\/test\/wp-json\/wp\/v2\/media\/13642"}],"wp:attachment":[{"href":"https:\/\/www.centarzaprirodnumedicinu.com\/test\/wp-json\/wp\/v2\/media?parent=14297"}],"wp:term":[{"taxonomy":"product_brand","embeddable":true,"href":"https:\/\/www.centarzaprirodnumedicinu.com\/test\/wp-json\/wp\/v2\/product_brand?post=14297"},{"taxonomy":"product_cat","embeddable":true,"href":"https:\/\/www.centarzaprirodnumedicinu.com\/test\/wp-json\/wp\/v2\/product_cat?post=14297"},{"taxonomy":"product_tag","embeddable":true,"href":"https:\/\/www.centarzaprirodnumedicinu.com\/test\/wp-json\/wp\/v2\/product_tag?post=14297"}],"curies":[{"name":"wp","href":"https:\/\/api.w.org\/{rel}","templated":true}]}}