{"id":14295,"date":"2022-03-03T20:01:49","date_gmt":"2022-03-03T19:01:49","guid":{"rendered":"https:\/\/centarzaprirodnumedicinu.com\/product\/seme-unistenja\/"},"modified":"2022-05-05T12:48:39","modified_gmt":"2022-05-05T10:48:39","slug":"seme-unistenja","status":"publish","type":"product","link":"https:\/\/www.centarzaprirodnumedicinu.com\/test\/p\/knjige\/seme-unistenja\/","title":{"rendered":"Seme uni\u0161tenja"},"content":{"rendered":"<p>Da li prose\u010dan poljoprivrednik koji kupuje seme i zasadi ga u svojoj njivi zna kakvo je to seme, da li zna \u0161ta je zasejao? Svi smo \u010duli za genetski modifikovanu hranu, svima nam je jasno da je takva hrana sve vi\u0161e prisutna na na\u0161im trpezama, ali da li znamo njene posledice ili mislimo da to nije nista strasno.<\/p>\n<p>Da li zaista takva hrana nama donosi vi\u0161e koristi ili STETE? Ova knjiga govori od samog po\u010detka stvaranja genetsko modifikovanog semena, o njenoj &#8222;politi\u010dkoj&#8220; i prirodnoj osobini, kako se pravi, kako raste i kako uti\u010de na na\u0161 organizam kad se na\u0111e u na\u0161em telu. . .<\/p>\n","protected":false},"excerpt":{"rendered":"<p>Da li prose\u010dan poljoprivrednik koji kupuje seme i zasadi ga u svojoj njivi zna kakvo je to seme, da li<\/p>\n","protected":false},"featured_media":13640,"comment_status":"open","ping_status":"open","template":"","meta":[],"product_brand":[],"product_cat":[3213],"product_tag":[],"class_list":{"0":"post-14295","1":"product","2":"type-product","3":"status-publish","4":"has-post-thumbnail","6":"product_cat-knjige","7":"pa_autor-dzefri-smit","8":"pa_broj-strana-3302","9":"pa_download-naziv-3304","10":"pa_format-a5-21-x-145-cm","12":"first","13":"instock","14":"purchasable","15":"product-type-simple"},"_links":{"self":[{"href":"https:\/\/www.centarzaprirodnumedicinu.com\/test\/wp-json\/wp\/v2\/product\/14295","targetHints":{"allow":["GET"]}}],"collection":[{"href":"https:\/\/www.centarzaprirodnumedicinu.com\/test\/wp-json\/wp\/v2\/product"}],"about":[{"href":"https:\/\/www.centarzaprirodnumedicinu.com\/test\/wp-json\/wp\/v2\/types\/product"}],"replies":[{"embeddable":true,"href":"https:\/\/www.centarzaprirodnumedicinu.com\/test\/wp-json\/wp\/v2\/comments?post=14295"}],"version-history":[{"count":0,"href":"https:\/\/www.centarzaprirodnumedicinu.com\/test\/wp-json\/wp\/v2\/product\/14295\/revisions"}],"wp:featuredmedia":[{"embeddable":true,"href":"https:\/\/www.centarzaprirodnumedicinu.com\/test\/wp-json\/wp\/v2\/media\/13640"}],"wp:attachment":[{"href":"https:\/\/www.centarzaprirodnumedicinu.com\/test\/wp-json\/wp\/v2\/media?parent=14295"}],"wp:term":[{"taxonomy":"product_brand","embeddable":true,"href":"https:\/\/www.centarzaprirodnumedicinu.com\/test\/wp-json\/wp\/v2\/product_brand?post=14295"},{"taxonomy":"product_cat","embeddable":true,"href":"https:\/\/www.centarzaprirodnumedicinu.com\/test\/wp-json\/wp\/v2\/product_cat?post=14295"},{"taxonomy":"product_tag","embeddable":true,"href":"https:\/\/www.centarzaprirodnumedicinu.com\/test\/wp-json\/wp\/v2\/product_tag?post=14295"}],"curies":[{"name":"wp","href":"https:\/\/api.w.org\/{rel}","templated":true}]}}