{"id":14294,"date":"2022-03-03T20:01:49","date_gmt":"2022-03-03T19:01:49","guid":{"rendered":"https:\/\/centarzaprirodnumedicinu.com\/product\/kuvar-sudnjeg-dana\/"},"modified":"2024-03-13T07:20:42","modified_gmt":"2024-03-13T06:20:42","slug":"kuvar-sudnjeg-dana","status":"publish","type":"product","link":"https:\/\/www.centarzaprirodnumedicinu.com\/test\/p\/knjige\/kuvar-sudnjeg-dana\/","title":{"rendered":"Kuvar sudnjeg dana"},"content":{"rendered":"<p>\u017divimo u vremenu kada \u010dovek nemilosrdno uni\u0161tava \u017eivotnu sredinu i navikava se na potpuno neprirodan na\u010din \u017eivota. Neminovna posledica je raspad ekonomije, poreme\u0107aj klime, velika moralna dekadencija i kolaps \u010dovekovog zdravlja. Da li se na\u0161a planeta pribli\u017eava trenutku koji mnogi opisuju kao &#8222;sudnji dan&#8220;? Ako do toga do\u0111e, bi\u0107e nam potrebno samo nekoliko jednostavnih ru\u010dnih alatki i malo znanja da bismo pripremili hranu koju su jeli Adam i Eva.<\/p>\n<p>Ova knjiga govori o pripremanju rajske hrane koja za dovoljava sve \u010dovekove potrebe i podsti\u010de izle\u010denje najte\u017eih bolesti. . .<\/p>\n","protected":false},"excerpt":{"rendered":"<p>\u017divimo u vremenu kada \u010dovek nemilosrdno uni\u0161tava \u017eivotnu sredinu i navikava se na potpuno neprirodan na\u010din \u017eivota. Neminovna posledica je<\/p>\n","protected":false},"featured_media":13639,"comment_status":"open","ping_status":"open","template":"","meta":[],"product_brand":[],"product_cat":[3213],"product_tag":[],"class_list":{"0":"post-14294","1":"product","2":"type-product","3":"status-publish","4":"has-post-thumbnail","6":"product_cat-knjige","7":"pa_autor-toni-radic","8":"pa_broj-strana-3299","9":"pa_download-naziv-3301","10":"pa_format-a5-18-x-11-cm","12":"first","13":"instock","14":"purchasable","15":"product-type-simple"},"_links":{"self":[{"href":"https:\/\/www.centarzaprirodnumedicinu.com\/test\/wp-json\/wp\/v2\/product\/14294","targetHints":{"allow":["GET"]}}],"collection":[{"href":"https:\/\/www.centarzaprirodnumedicinu.com\/test\/wp-json\/wp\/v2\/product"}],"about":[{"href":"https:\/\/www.centarzaprirodnumedicinu.com\/test\/wp-json\/wp\/v2\/types\/product"}],"replies":[{"embeddable":true,"href":"https:\/\/www.centarzaprirodnumedicinu.com\/test\/wp-json\/wp\/v2\/comments?post=14294"}],"version-history":[{"count":0,"href":"https:\/\/www.centarzaprirodnumedicinu.com\/test\/wp-json\/wp\/v2\/product\/14294\/revisions"}],"wp:featuredmedia":[{"embeddable":true,"href":"https:\/\/www.centarzaprirodnumedicinu.com\/test\/wp-json\/wp\/v2\/media\/13639"}],"wp:attachment":[{"href":"https:\/\/www.centarzaprirodnumedicinu.com\/test\/wp-json\/wp\/v2\/media?parent=14294"}],"wp:term":[{"taxonomy":"product_brand","embeddable":true,"href":"https:\/\/www.centarzaprirodnumedicinu.com\/test\/wp-json\/wp\/v2\/product_brand?post=14294"},{"taxonomy":"product_cat","embeddable":true,"href":"https:\/\/www.centarzaprirodnumedicinu.com\/test\/wp-json\/wp\/v2\/product_cat?post=14294"},{"taxonomy":"product_tag","embeddable":true,"href":"https:\/\/www.centarzaprirodnumedicinu.com\/test\/wp-json\/wp\/v2\/product_tag?post=14294"}],"curies":[{"name":"wp","href":"https:\/\/api.w.org\/{rel}","templated":true}]}}