{"id":14290,"date":"2022-03-03T20:01:49","date_gmt":"2022-03-03T19:01:49","guid":{"rendered":"https:\/\/centarzaprirodnumedicinu.com\/product\/rupicaste-naocare\/"},"modified":"2024-10-16T16:37:57","modified_gmt":"2024-10-16T14:37:57","slug":"rupicaste-naocare","status":"publish","type":"product","link":"https:\/\/www.centarzaprirodnumedicinu.com\/test\/p\/oprema-i-pomagala\/rupicaste-naocare\/","title":{"rendered":"Rupi\u010daste nao\u010dare"},"content":{"rendered":"<p><strong>Na\u010din ka koji rupi\u010daste nao\u010dare deluju<\/strong><\/p>\n<div>\n<p>Poznati ameri\u010dki oftalmolog W.H. Bates u svom dugogodi\u0161njem radu i istra\u017eivanju do\u0161ao je do saznanja da se jasnija i izo\u0161trenija slika dobija kada se gleda kroz mali otvor (rupu igle, ciode,..). Saznanje je iskoristio za razvijanje tzv. Bates-ovih ve\u017ebi za korekciju vida. Ove ve\u017ebe se i danas koriste za ja\u010danje o\u010dnih mi\u0161i\u0107a i smanjenje dioptrije.<\/p>\n<p>Rupi\u010daste nao\u010dare su osmi\u0161ljene kao na\u010din primene Bates-ovih ve\u017ebi u svakodnevnom \u017eivotu na jedan komforniji i elegantniji na\u010din.<br \/>\nRedovno gledanje kroz rupi\u010daste nao\u010dare, koliko god to jednostavno zvu\u010dalo, trenira mi\u0161i\u0107e oka, \u0161to pove\u0107ava raspon kretanja mi\u0161i\u0107a koji kontroli\u0161u na\u0161e o\u010di. Kroz rupice na prednjoj strani nao\u010dara prolazi manji i usmereniji snop svetlosti koje pada na va\u0161e oko. Zbog manjeg intenziteta i ve\u0107e usmerenosti, oko mnogo lak\u0161e uspeva da obradi \u201cinformacije\u201d koje sti\u017eu do njega i mozgu prosle\u0111uje kvalitetniju i jasniju predstavu onoga \u0161to trenutno gledamo. Pote\u0161ko\u0107e u fokusiranju nastaju, kada se slika stvara u oku ispred ro\u017enja\u010de (kratkovidost) ili iza nje (dalekovidost). Zato od svake ta\u010dke slike nastaje tzv. nejasni krug. Konvencionalna so\u010diva rade po principu dovo\u0111enja slike na ro\u017enja\u010du, da bi se jasno videlo. Ovo rezultira sa lenjo\u0161\u0107u o\u010dnog mi\u0161i\u0107a zbog \u010dega nam je vremenom potrebna sve ve\u0107a dioptrija. Dovo\u0111enjem niza rupica ispred oka smanjuje se efektivni otvor oka (od onog odre\u0111enog zenicom oka na veli\u010dinu rupice ispred oka). Tako se smanjuje veli\u010dina nejasnog kruga, \u0161to obja\u0161njava pobolj\u0161anje vida za vreme no\u0161enja rupi\u010dastih nao\u010dara.\u00a0Pinhole poboljs\u0161vaju o\u0161trinu slike, dozvoljavaju\u0107i va\u0161em mozgu da prona\u0111e ta\u010dku fokusa. Ljudi koji pate od problema s vidom (kratkovidosti, dalekovidosti, stara\u010dke dalekovidosti, astigmatizma, sindroma ra\u010dunarskog vida itd.) \u010desto prime\u0107uju da im se vid odmah pobolj\u0161a \u010dim stave na o\u010di rupi\u010daste nao\u010dare.<\/p>\n<p>Na\u0161a o\u010dna so\u010diva kontroli\u0161u mi\u0161i\u0107i.\u00a0Kao bilo koji mi\u0161i\u0107 u na\u0161em telu, mi\u0161i\u0107i o\u010diju moraju da se ve\u017ebaju kako bi ostali sna\u017eni i kako bi zadr\u017eali svoj potpuni, zdravi raspon kretanja.\u00a0Tokom ovog procesa, fokusni mi\u0161i\u0107i oka se sve vi\u0161e navikavaju, a redovna ve\u017eba poma\u017ee va\u0161em o\u010dnom fokusnom sistemu. Kontinuiranim no\u0161enjem Pinhole naocara i ve\u017ebanjem o\u010dnih mi\u0161i\u0107a dolazi do zaustavljanja procesa slabijenja vida kao i do smanjenja dioptrije koju nosite.<\/p>\n<\/div>\n<p><strong>Kratka ve\u017eba \u2013 praktican primer kako funkcionisu ove naocare:<\/strong><\/p>\n<p>Prekrijte jedno oko rukom. Sklopite svoju drugu ruku tako da otvorite malu rupicu pomo\u0107u svog ka\u017eiprsta i palca. Pogledajte kroz rupu pomo\u0107u slobodnog oka u neki objekt pun kontrasta (npr. sliku) koji niste pre mogli videti. Uo\u010dicete sigurno promenu. Tako funkcionisu i ove nao\u010dare.<\/p>\n<p><!-- JoomlaWorks \"AllVideos\" Plugin (v4.7.0) ends here --><\/p>\n<p><span style=\"font-size: medium;\"><strong>Konstatacija:<\/strong><\/span> Istra\u017eivanja pokazuju da do o\u0161te\u0107enja vida uglavnom dolazi zbog zamora o\u010dnog mi\u0161i\u0107a, i da je zdravom ishranom i zdravim na\u010dinom \u017eivota mogu\u0107e doprineti pobolj\u0161anju vida. Tako\u0111e, jedna od veoma va\u017enih aktivnosti u pobolj\u0161anju vida jeste odmaranje o\u010diju koje se mo\u017ee vr\u0161iti jednostavnim &#8222;dlanovanjem&#8220; ili postavljanjem dlanova preko zatvorenih o\u010diju. Jo\u0161 jedan odli\u010dan na\u010din za odmaranje o\u010diju jeste no\u0161enje takozvanih &#8222;rupi\u010dastih nao\u010dara&#8220;, u vreme kada ne \u010ditamo, ne vozimo auto ili ne vr\u0161imo aktivnost za koju je potrebno posebno naprezanje o\u010diju.<\/p>\n<p>U <a href=\"https:\/\/app.box.com\/s\/dq857w4ogy9010uoltgp\" target=\"_blank\" rel=\"noopener\">ovom audio snimku<\/a> mo\u017ee se \u010duti iskustvo \u010doveka koji je smanjio svoju dioptriju ve\u017ebama, pomo\u0107u kojih je mogu\u0107e potpuno ispraviti vid.<\/p>\n<p>Njegovu knjigu, prevedenu na nas jezik, mozete preuzeti <a href=\"http:\/\/www.cps.org.rs\/Knjige\/lecenje_vida.pdf\" target=\"_blank\" rel=\"noopener\">OVDE<\/a>.<\/p>\n<p>Takodje, u\u00a0knjizi &#8222;Unapredite vid &#8211; odbacite nao\u010dare&#8220; (koju mo\u017eete skinuti\u00a0<a style=\"font-size: 12.16px; line-height: 1.3em;\" href=\"http:\/\/www.cps.org.rs\/Knjige\/oci.pdf\" target=\"_blank\" rel=\"noopener\">OVDE<\/a><span style=\"font-size: 12.16px; line-height: 1.3em;\">) <\/span>Dr Lorin Dej obja\u0161njava uzroke o\u0161te\u0107enja vida i daje savete kako mo\u017eemo pobolj\u0161ati vid. U pomenutoj knjizi, ona iznosi svoje iskustvo kako je no\u0161enjem rupi\u010dastih nao\u010dara, dlanovanjem i drugim jednostavnim tehnikama (uz zdrav na\u010din \u017eivota) potpuno ispravila vid i odbacila nao\u010dare.<\/p>\n","protected":false},"excerpt":{"rendered":"<h6>Nao\u010dare za pobolj\u0161anje vida i smanjenje dioptrije<\/h6>\n","protected":false},"featured_media":13635,"comment_status":"open","ping_status":"closed","template":"","meta":[],"product_brand":[],"product_cat":[3788],"product_tag":[],"class_list":{"0":"post-14290","1":"product","2":"type-product","3":"status-publish","4":"has-post-thumbnail","6":"product_cat-oprema-i-pomagala","7":"pa_proizvodnja-centar-za-prirodnu-medicinu","9":"first","10":"instock","11":"purchasable","12":"product-type-simple"},"_links":{"self":[{"href":"https:\/\/www.centarzaprirodnumedicinu.com\/test\/wp-json\/wp\/v2\/product\/14290","targetHints":{"allow":["GET"]}}],"collection":[{"href":"https:\/\/www.centarzaprirodnumedicinu.com\/test\/wp-json\/wp\/v2\/product"}],"about":[{"href":"https:\/\/www.centarzaprirodnumedicinu.com\/test\/wp-json\/wp\/v2\/types\/product"}],"replies":[{"embeddable":true,"href":"https:\/\/www.centarzaprirodnumedicinu.com\/test\/wp-json\/wp\/v2\/comments?post=14290"}],"version-history":[{"count":0,"href":"https:\/\/www.centarzaprirodnumedicinu.com\/test\/wp-json\/wp\/v2\/product\/14290\/revisions"}],"wp:featuredmedia":[{"embeddable":true,"href":"https:\/\/www.centarzaprirodnumedicinu.com\/test\/wp-json\/wp\/v2\/media\/13635"}],"wp:attachment":[{"href":"https:\/\/www.centarzaprirodnumedicinu.com\/test\/wp-json\/wp\/v2\/media?parent=14290"}],"wp:term":[{"taxonomy":"product_brand","embeddable":true,"href":"https:\/\/www.centarzaprirodnumedicinu.com\/test\/wp-json\/wp\/v2\/product_brand?post=14290"},{"taxonomy":"product_cat","embeddable":true,"href":"https:\/\/www.centarzaprirodnumedicinu.com\/test\/wp-json\/wp\/v2\/product_cat?post=14290"},{"taxonomy":"product_tag","embeddable":true,"href":"https:\/\/www.centarzaprirodnumedicinu.com\/test\/wp-json\/wp\/v2\/product_tag?post=14290"}],"curies":[{"name":"wp","href":"https:\/\/api.w.org\/{rel}","templated":true}]}}