{"id":14286,"date":"2022-03-03T20:01:49","date_gmt":"2022-03-03T19:01:49","guid":{"rendered":"https:\/\/centarzaprirodnumedicinu.com\/product\/prevare-moderne-medicine\/"},"modified":"2022-05-05T12:48:31","modified_gmt":"2022-05-05T10:48:31","slug":"prevare-moderne-medicine","status":"publish","type":"product","link":"https:\/\/www.centarzaprirodnumedicinu.com\/test\/p\/knjige\/prevare-moderne-medicine\/","title":{"rendered":"Prevare moderne medicine"},"content":{"rendered":"<p>\u201eNe verujem u modernu medicinu. Ja sam medicinski jeretik za savremene lekare. Cilj mi je da ovom knjigom ubedim i vas da po\u010dnete da razmi\u0161ljate. Verujem da uprkos svoj super tehnologiji i elitnom opho\u0111enju prema pacijentu koje treba da vas ubedi kako brinu o vama podjednako bri\u017eno kao i o astronautu na Mesecu, najve\u0107a opasnost koja preti va\u0161em zdravlju je zapravo doktor moderne Medicine.<\/p>\n<p>Verujem da su postupci le\u010denja bolesti u modernoj medicini retko kada uspe\u0161ni, i da su \u010desto daleko opasniji od bolesti koju treba da le\u010de. Verujem da su opasnosti u sprezi sa \u0161irokom upotrebom opasnih procedura u slu\u010dajevima kada uop\u0161te nema bolesti.<br \/>\nVerujem da vi\u0161e od 90% moderne Medicine mo\u017ee slobodno da nestane sa lica Zemlje \u2013 doktori, bolnice, lekovi i oprema \u2013 i da \u0107e efekti tog nestanka na na\u0161e zdravlje biti momentalno pobolj\u0161anje.\u201c<\/p>\n<p>Dr Robert Mendelson je stekao slavu kao jedan od vode\u0107ih ameri\u010dkih pedijatara. Kao lekar zvani\u010dne medicine, u svojoj karijeri je video dovoljno primera i prikupio mno\u0161tvo dokaza kojima mo\u017ee da potvrdi svoju \u010duvenu izjavu: \u201eBog Moderne medicine je smrt\u201c.<\/p>\n","protected":false},"excerpt":{"rendered":"<p>\u201eNe verujem u modernu medicinu. Ja sam medicinski jeretik za savremene lekare. Cilj mi je da ovom knjigom ubedim i<\/p>\n","protected":false},"featured_media":13631,"comment_status":"open","ping_status":"open","template":"","meta":[],"product_brand":[],"product_cat":[3213],"product_tag":[],"class_list":{"0":"post-14286","1":"product","2":"type-product","3":"status-publish","4":"has-post-thumbnail","6":"product_cat-knjige","7":"pa_autor-dr-robert-mendelson","8":"pa_broj-strana-3281","9":"pa_download-naziv-3283","10":"pa_format-skraceni-a5-21-x-145-cm","12":"first","13":"instock","14":"purchasable","15":"product-type-simple"},"_links":{"self":[{"href":"https:\/\/www.centarzaprirodnumedicinu.com\/test\/wp-json\/wp\/v2\/product\/14286","targetHints":{"allow":["GET"]}}],"collection":[{"href":"https:\/\/www.centarzaprirodnumedicinu.com\/test\/wp-json\/wp\/v2\/product"}],"about":[{"href":"https:\/\/www.centarzaprirodnumedicinu.com\/test\/wp-json\/wp\/v2\/types\/product"}],"replies":[{"embeddable":true,"href":"https:\/\/www.centarzaprirodnumedicinu.com\/test\/wp-json\/wp\/v2\/comments?post=14286"}],"version-history":[{"count":0,"href":"https:\/\/www.centarzaprirodnumedicinu.com\/test\/wp-json\/wp\/v2\/product\/14286\/revisions"}],"wp:featuredmedia":[{"embeddable":true,"href":"https:\/\/www.centarzaprirodnumedicinu.com\/test\/wp-json\/wp\/v2\/media\/13631"}],"wp:attachment":[{"href":"https:\/\/www.centarzaprirodnumedicinu.com\/test\/wp-json\/wp\/v2\/media?parent=14286"}],"wp:term":[{"taxonomy":"product_brand","embeddable":true,"href":"https:\/\/www.centarzaprirodnumedicinu.com\/test\/wp-json\/wp\/v2\/product_brand?post=14286"},{"taxonomy":"product_cat","embeddable":true,"href":"https:\/\/www.centarzaprirodnumedicinu.com\/test\/wp-json\/wp\/v2\/product_cat?post=14286"},{"taxonomy":"product_tag","embeddable":true,"href":"https:\/\/www.centarzaprirodnumedicinu.com\/test\/wp-json\/wp\/v2\/product_tag?post=14286"}],"curies":[{"name":"wp","href":"https:\/\/api.w.org\/{rel}","templated":true}]}}