{"id":14283,"date":"2022-03-03T20:01:49","date_gmt":"2022-03-03T19:01:49","guid":{"rendered":"https:\/\/centarzaprirodnumedicinu.com\/product\/prirodna-medicina\/"},"modified":"2022-05-05T12:50:35","modified_gmt":"2022-05-05T10:50:35","slug":"prirodna-medicina","status":"publish","type":"product","link":"https:\/\/www.centarzaprirodnumedicinu.com\/test\/p\/knjige\/prirodna-medicina\/","title":{"rendered":"Prirodna medicina"},"content":{"rendered":"<p>U arsenalu savremene medicine i preventivnog delovanja, fitoterapiju (le\u010denje biljkama) treba ceniti prema njenim stvarnim vrednostima. Tradicija i delatnost fitoterapije potvr\u0111uju \u010dinjenicu da u prirodi ne postoji nijedna biljka koja nema lekovita svojstva za odre\u0111enu bolest.<\/p>\n<p>Budite sami svoj lekar i \u017eivite zdravo i sigurno, ne dopustite da vas le\u010di altrenativna medicina koja sve probleme &#8222;resava&#8220; u prvoj apoteci nanose\u0107i vam vi\u0161e \u0161tete nego koristi. . .<\/p>\n","protected":false},"excerpt":{"rendered":"<p>U arsenalu savremene medicine i preventivnog delovanja, fitoterapiju (le\u010denje biljkama) treba ceniti prema njenim stvarnim vrednostima. Tradicija i delatnost fitoterapije<\/p>\n","protected":false},"featured_media":13628,"comment_status":"open","ping_status":"open","template":"","meta":[],"product_brand":[],"product_cat":[3213],"product_tag":[],"class_list":{"0":"post-14283","1":"product","2":"type-product","3":"status-publish","4":"has-post-thumbnail","6":"product_cat-knjige","7":"pa_autor-dr-donald-miler","8":"pa_broj-strana-3272","9":"pa_download-naziv-3274","10":"pa_format-a5-21-x-145-cm","12":"first","13":"instock","14":"purchasable","15":"product-type-simple"},"_links":{"self":[{"href":"https:\/\/www.centarzaprirodnumedicinu.com\/test\/wp-json\/wp\/v2\/product\/14283","targetHints":{"allow":["GET"]}}],"collection":[{"href":"https:\/\/www.centarzaprirodnumedicinu.com\/test\/wp-json\/wp\/v2\/product"}],"about":[{"href":"https:\/\/www.centarzaprirodnumedicinu.com\/test\/wp-json\/wp\/v2\/types\/product"}],"replies":[{"embeddable":true,"href":"https:\/\/www.centarzaprirodnumedicinu.com\/test\/wp-json\/wp\/v2\/comments?post=14283"}],"version-history":[{"count":0,"href":"https:\/\/www.centarzaprirodnumedicinu.com\/test\/wp-json\/wp\/v2\/product\/14283\/revisions"}],"wp:featuredmedia":[{"embeddable":true,"href":"https:\/\/www.centarzaprirodnumedicinu.com\/test\/wp-json\/wp\/v2\/media\/13628"}],"wp:attachment":[{"href":"https:\/\/www.centarzaprirodnumedicinu.com\/test\/wp-json\/wp\/v2\/media?parent=14283"}],"wp:term":[{"taxonomy":"product_brand","embeddable":true,"href":"https:\/\/www.centarzaprirodnumedicinu.com\/test\/wp-json\/wp\/v2\/product_brand?post=14283"},{"taxonomy":"product_cat","embeddable":true,"href":"https:\/\/www.centarzaprirodnumedicinu.com\/test\/wp-json\/wp\/v2\/product_cat?post=14283"},{"taxonomy":"product_tag","embeddable":true,"href":"https:\/\/www.centarzaprirodnumedicinu.com\/test\/wp-json\/wp\/v2\/product_tag?post=14283"}],"curies":[{"name":"wp","href":"https:\/\/api.w.org\/{rel}","templated":true}]}}