{"id":14282,"date":"2022-03-03T20:01:49","date_gmt":"2022-03-03T19:01:49","guid":{"rendered":"https:\/\/centarzaprirodnumedicinu.com\/product\/kako-odgojiti-zdravo-dete-i-sacuvati-ga-od-lekara\/"},"modified":"2024-03-13T07:21:14","modified_gmt":"2024-03-13T06:21:14","slug":"kako-odgojiti-zdravo-dete-i-sacuvati-ga-od-lekara","status":"publish","type":"product","link":"https:\/\/www.centarzaprirodnumedicinu.com\/test\/p\/knjige\/kako-odgojiti-zdravo-dete-i-sacuvati-ga-od-lekara\/","title":{"rendered":"Kako odgojiti zdravo dete i sa\u010duvati ga od lekara"},"content":{"rendered":"<p>Bestseler Ameri\u010dkog pedijatra dr Roberta Mendelsona, prodat u preko 300.000 primeraka, u kome je detaljno opisan poguban uticaj savremene medicinske prakse na zdravlje deteta, i data uputstva kako da na prirodan i jednostavan na\u010din otklonite zdravstvene probleme kod dece.<\/p>\n<p>\u201eOva knjiga govori o mom ube\u0111enju da se u savremenoj pedijatriji u Americi i svetu, i drugim granama medicine, \u010dine mnoge lo\u0161e i medicinski neopravdane stvari. To ne zna\u010di da su sami lekari gori ili bezose\u0107ajniji od drugih ljudi, odnosno, nije problem u njihovom karakteru, ve\u0107 se su\u0161tina problema nalazi u samoj savremenoj medicini kao nauci i struci. Ovakvo stanje je manje-vi\u0161e u celom svetu.\u201c<\/p>\n","protected":false},"excerpt":{"rendered":"<p>Bestseler Ameri\u010dkog pedijatra dr Roberta Mendelsona, prodat u preko 300.000 primeraka, u kome je detaljno opisan poguban uticaj savremene medicinske<\/p>\n","protected":false},"featured_media":13627,"comment_status":"open","ping_status":"open","template":"","meta":[],"product_brand":[],"product_cat":[3213],"product_tag":[],"class_list":{"0":"post-14282","1":"product","2":"type-product","3":"status-publish","4":"has-post-thumbnail","6":"product_cat-knjige","7":"pa_autor-dr-robert-mendelson","8":"pa_broj-strana-3268","9":"pa_download-naziv-3271","10":"pa_format-a5-21-x-145-cm","12":"first","13":"instock","14":"purchasable","15":"product-type-simple"},"_links":{"self":[{"href":"https:\/\/www.centarzaprirodnumedicinu.com\/test\/wp-json\/wp\/v2\/product\/14282","targetHints":{"allow":["GET"]}}],"collection":[{"href":"https:\/\/www.centarzaprirodnumedicinu.com\/test\/wp-json\/wp\/v2\/product"}],"about":[{"href":"https:\/\/www.centarzaprirodnumedicinu.com\/test\/wp-json\/wp\/v2\/types\/product"}],"replies":[{"embeddable":true,"href":"https:\/\/www.centarzaprirodnumedicinu.com\/test\/wp-json\/wp\/v2\/comments?post=14282"}],"version-history":[{"count":0,"href":"https:\/\/www.centarzaprirodnumedicinu.com\/test\/wp-json\/wp\/v2\/product\/14282\/revisions"}],"wp:featuredmedia":[{"embeddable":true,"href":"https:\/\/www.centarzaprirodnumedicinu.com\/test\/wp-json\/wp\/v2\/media\/13627"}],"wp:attachment":[{"href":"https:\/\/www.centarzaprirodnumedicinu.com\/test\/wp-json\/wp\/v2\/media?parent=14282"}],"wp:term":[{"taxonomy":"product_brand","embeddable":true,"href":"https:\/\/www.centarzaprirodnumedicinu.com\/test\/wp-json\/wp\/v2\/product_brand?post=14282"},{"taxonomy":"product_cat","embeddable":true,"href":"https:\/\/www.centarzaprirodnumedicinu.com\/test\/wp-json\/wp\/v2\/product_cat?post=14282"},{"taxonomy":"product_tag","embeddable":true,"href":"https:\/\/www.centarzaprirodnumedicinu.com\/test\/wp-json\/wp\/v2\/product_tag?post=14282"}],"curies":[{"name":"wp","href":"https:\/\/api.w.org\/{rel}","templated":true}]}}