{"id":22979,"date":"2025-04-04T23:31:53","date_gmt":"2025-04-04T21:31:53","guid":{"rendered":"https:\/\/centarzaprirodnumedicinu.com\/?page_id=22979"},"modified":"2025-04-05T00:04:54","modified_gmt":"2025-04-04T22:04:54","slug":"uporedjivanje","status":"publish","type":"page","link":"https:\/\/www.centarzaprirodnumedicinu.com\/test\/uporedjivanje\/","title":{"rendered":"Upore\u0111ivanje"},"content":{"rendered":"\t\t<p class=\"wd-empty-compare wd-empty-page\">\n\t\t\tListo proizvoda za pore\u0111enje je prazna.\t\t<\/p>\n\t\t\t\t\t<div class=\"wd-empty-page-text\">\n\t\t\t\tNijedan proizvod nije dodat za upore\u0111ivanje. Idite na proizvode, zatim dodajte za upore\u0111ivanje dva ili vi\u0161e proizvoda a onda ponovo posetite ovu stranicu.\t\t\t<\/div>\n\t\t\t\t<p class=\"return-to-shop\">\n\t\t\t<a class=\"button\" href=\"https:\/\/www.centarzaprirodnumedicinu.com\/test\/prodavnica\/\">\n\t\t\t\tNazad na katalog\t\t\t<\/a>\n\t\t<\/p>\n\t\t\n","protected":false},"excerpt":{"rendered":"","protected":false},"author":3,"featured_media":0,"parent":0,"menu_order":0,"comment_status":"closed","ping_status":"closed","template":"","meta":{"footnotes":""},"class_list":["post-22979","page","type-page","status-publish","hentry"],"_links":{"self":[{"href":"https:\/\/www.centarzaprirodnumedicinu.com\/test\/wp-json\/wp\/v2\/pages\/22979","targetHints":{"allow":["GET"]}}],"collection":[{"href":"https:\/\/www.centarzaprirodnumedicinu.com\/test\/wp-json\/wp\/v2\/pages"}],"about":[{"href":"https:\/\/www.centarzaprirodnumedicinu.com\/test\/wp-json\/wp\/v2\/types\/page"}],"author":[{"embeddable":true,"href":"https:\/\/www.centarzaprirodnumedicinu.com\/test\/wp-json\/wp\/v2\/users\/3"}],"replies":[{"embeddable":true,"href":"https:\/\/www.centarzaprirodnumedicinu.com\/test\/wp-json\/wp\/v2\/comments?post=22979"}],"version-history":[{"count":0,"href":"https:\/\/www.centarzaprirodnumedicinu.com\/test\/wp-json\/wp\/v2\/pages\/22979\/revisions"}],"wp:attachment":[{"href":"https:\/\/www.centarzaprirodnumedicinu.com\/test\/wp-json\/wp\/v2\/media?parent=22979"}],"curies":[{"name":"wp","href":"https:\/\/api.w.org\/{rel}","templated":true}]}}