{"id":20334,"date":"2024-09-06T10:35:58","date_gmt":"2024-09-06T08:35:58","guid":{"rendered":"https:\/\/centarzaprirodnumedicinu.com\/?page_id=20334"},"modified":"2025-05-29T19:13:26","modified_gmt":"2025-05-29T17:13:26","slug":"lekari-i-herbalisti","status":"publish","type":"page","link":"https:\/\/www.centarzaprirodnumedicinu.com\/test\/lekari-i-herbalisti\/","title":{"rendered":"Lekari i herbalisti"},"content":{"rendered":"\t\t<div data-elementor-type=\"wp-page\" data-elementor-id=\"20334\" class=\"elementor elementor-20334\" data-elementor-post-type=\"page\">\n\t\t\t\t<div class=\"elementor-element elementor-element-081e47a e-flex e-con-boxed e-con e-parent\" data-id=\"081e47a\" data-element_type=\"container\" data-e-type=\"container\">\n\t\t\t\t\t<div class=\"e-con-inner\">\n\t\t\t\t<div class=\"elementor-element elementor-element-e3b285d color-scheme-inherit text-left elementor-widget elementor-widget-text-editor\" data-id=\"e3b285d\" data-element_type=\"widget\" data-e-type=\"widget\" data-widget_type=\"text-editor.default\">\n\t\t\t\t<div class=\"elementor-widget-container\">\n\t\t\t\t\t\t\t\t\t<h2>Lekari i herbalisti &#8211; ljudi kojima dugujemo priznanje, bez njih <a href=\"https:\/\/en.wikipedia.org\/wiki\/Herbal_medicine\" target=\"_blank\" rel=\"noopener\">prirodna medicina<\/a> danas ne bi bila ono \u0161to jeste. Ova stranica je posve\u0107ena njima.<\/h2>\t\t\t\t\t\t\t\t<\/div>\n\t\t\t\t<\/div>\n\t\t\t\t\t<\/div>\n\t\t\t\t<\/div>\n\t\t<div class=\"wd-negative-gap elementor-element elementor-element-544b74a e-flex e-con-boxed e-con e-parent\" data-id=\"544b74a\" data-element_type=\"container\" data-e-type=\"container\">\n\t\t\t\t\t<div class=\"e-con-inner\">\n\t\t<div class=\"elementor-element elementor-element-ed72f35 e-con-full e-flex e-con e-child\" data-id=\"ed72f35\" data-element_type=\"container\" data-e-type=\"container\" data-settings=\"{&quot;background_background&quot;:&quot;classic&quot;}\">\n\t\t\t\t<div class=\"elementor-element elementor-element-97c98ae elementor-position-left elementor-vertical-align-middle elementor-position-top elementor-widget elementor-widget-image-box\" data-id=\"97c98ae\" data-element_type=\"widget\" data-e-type=\"widget\" data-widget_type=\"image-box.default\">\n\t\t\t\t<div class=\"elementor-widget-container\">\n\t\t\t\t\t<div class=\"elementor-image-box-wrapper\"><figure class=\"elementor-image-box-img\"><a href=\"https:\/\/centarzaprirodnumedicinu.com\/category\/blogovi\/dr-nil-nidli-blogovi\/\" tabindex=\"-1\"><img decoding=\"async\" width=\"355\" height=\"355\" src=\"https:\/\/www.centarzaprirodnumedicinu.com\/test\/wp-content\/uploads\/2024\/09\/Nil-Nidli-1.png\" class=\"attachment-full size-full wp-image-20580\" alt=\"Lekari i herbalisti\" srcset=\"https:\/\/www.centarzaprirodnumedicinu.com\/test\/wp-content\/uploads\/2024\/09\/Nil-Nidli-1.png 355w, https:\/\/www.centarzaprirodnumedicinu.com\/test\/wp-content\/uploads\/2024\/09\/Nil-Nidli-1-300x300.png 300w, https:\/\/www.centarzaprirodnumedicinu.com\/test\/wp-content\/uploads\/2024\/09\/Nil-Nidli-1-150x150.png 150w\" sizes=\"(max-width: 355px) 100vw, 355px\" \/><\/a><\/figure><div class=\"elementor-image-box-content\"><h2 class=\"elementor-image-box-title\"><a href=\"https:\/\/centarzaprirodnumedicinu.com\/category\/blogovi\/dr-nil-nidli-blogovi\/\">Dr Nil Nidli<\/a><\/h2><p class=\"elementor-image-box-description\">Stru\u010dnjak za \u017eivotni stil i prevenciju bolesti, Dr Nidli se fokusira na prirodne metode za pobolj\u0161anje mentalnog i fizi\u010dkog zdravlja.<\/p><\/div><\/div>\t\t\t\t<\/div>\n\t\t\t\t<\/div>\n\t\t\t\t<\/div>\n\t\t<div class=\"elementor-element elementor-element-48242e6 e-con-full e-flex e-con e-child\" data-id=\"48242e6\" data-element_type=\"container\" data-e-type=\"container\" data-settings=\"{&quot;background_background&quot;:&quot;classic&quot;}\">\n\t\t\t\t<div class=\"elementor-element elementor-element-6461777 elementor-position-left elementor-vertical-align-middle elementor-position-top elementor-widget elementor-widget-image-box\" data-id=\"6461777\" data-element_type=\"widget\" data-e-type=\"widget\" data-widget_type=\"image-box.default\">\n\t\t\t\t<div class=\"elementor-widget-container\">\n\t\t\t\t\t<div class=\"elementor-image-box-wrapper\"><figure class=\"elementor-image-box-img\"><a href=\"https:\/\/centarzaprirodnumedicinu.com\/category\/blogovi\/dr-robert-mendelson-blogovi\/\" tabindex=\"-1\"><img decoding=\"async\" width=\"355\" height=\"355\" src=\"https:\/\/www.centarzaprirodnumedicinu.com\/test\/wp-content\/uploads\/2024\/09\/Dr-Robert-Mendelson.png\" class=\"attachment-full size-full wp-image-20588\" alt=\"Lekari i herbalisti\" srcset=\"https:\/\/www.centarzaprirodnumedicinu.com\/test\/wp-content\/uploads\/2024\/09\/Dr-Robert-Mendelson.png 355w, https:\/\/www.centarzaprirodnumedicinu.com\/test\/wp-content\/uploads\/2024\/09\/Dr-Robert-Mendelson-300x300.png 300w, https:\/\/www.centarzaprirodnumedicinu.com\/test\/wp-content\/uploads\/2024\/09\/Dr-Robert-Mendelson-150x150.png 150w\" sizes=\"(max-width: 355px) 100vw, 355px\" \/><\/a><\/figure><div class=\"elementor-image-box-content\"><h2 class=\"elementor-image-box-title\"><a href=\"https:\/\/centarzaprirodnumedicinu.com\/category\/blogovi\/dr-robert-mendelson-blogovi\/\">Dr Robert Mendelson<\/a><\/h2><p class=\"elementor-image-box-description\">Bio je poznat po svom kriti\u010dkom stavu prema konvencionalnoj medicini i \u010dvrstom zagovaranju prirodnih metoda le\u010denja.<\/p><\/div><\/div>\t\t\t\t<\/div>\n\t\t\t\t<\/div>\n\t\t\t\t<\/div>\n\t\t\t\t\t<\/div>\n\t\t\t\t<\/div>\n\t\t<div class=\"wd-negative-gap elementor-element elementor-element-06dfc9f e-flex e-con-boxed e-con e-parent\" data-id=\"06dfc9f\" data-element_type=\"container\" data-e-type=\"container\">\n\t\t\t\t\t<div class=\"e-con-inner\">\n\t\t<div class=\"elementor-element elementor-element-9c9f669 e-con-full e-flex e-con e-child\" data-id=\"9c9f669\" data-element_type=\"container\" data-e-type=\"container\" data-settings=\"{&quot;background_background&quot;:&quot;classic&quot;}\">\n\t\t\t\t<div class=\"elementor-element elementor-element-57b9639 elementor-position-left elementor-vertical-align-middle elementor-position-top elementor-widget elementor-widget-image-box\" data-id=\"57b9639\" data-element_type=\"widget\" data-e-type=\"widget\" data-widget_type=\"image-box.default\">\n\t\t\t\t<div class=\"elementor-widget-container\">\n\t\t\t\t\t<div class=\"elementor-image-box-wrapper\"><figure class=\"elementor-image-box-img\"><a href=\"https:\/\/centarzaprirodnumedicinu.com\/category\/blogovi\/dr-ricard-sulc-blogovi\/\" tabindex=\"-1\"><img decoding=\"async\" width=\"355\" height=\"355\" src=\"https:\/\/www.centarzaprirodnumedicinu.com\/test\/wp-content\/uploads\/2022\/05\/ricard-sulce.png\" class=\"attachment-full size-full wp-image-16159\" alt=\"\" srcset=\"https:\/\/www.centarzaprirodnumedicinu.com\/test\/wp-content\/uploads\/2022\/05\/ricard-sulce.png 355w, https:\/\/www.centarzaprirodnumedicinu.com\/test\/wp-content\/uploads\/2022\/05\/ricard-sulce-150x150.png 150w, https:\/\/www.centarzaprirodnumedicinu.com\/test\/wp-content\/uploads\/2022\/05\/ricard-sulce-340x340.png 340w, https:\/\/www.centarzaprirodnumedicinu.com\/test\/wp-content\/uploads\/2022\/05\/ricard-sulce-300x300.png 300w, https:\/\/www.centarzaprirodnumedicinu.com\/test\/wp-content\/uploads\/2022\/05\/ricard-sulce-100x100.png 100w, https:\/\/www.centarzaprirodnumedicinu.com\/test\/wp-content\/uploads\/2022\/05\/ricard-sulce-24x24.png 24w, https:\/\/www.centarzaprirodnumedicinu.com\/test\/wp-content\/uploads\/2022\/05\/ricard-sulce-48x48.png 48w, https:\/\/www.centarzaprirodnumedicinu.com\/test\/wp-content\/uploads\/2022\/05\/ricard-sulce-96x96.png 96w, https:\/\/www.centarzaprirodnumedicinu.com\/test\/wp-content\/uploads\/2022\/05\/ricard-sulce-70x70.png 70w, https:\/\/www.centarzaprirodnumedicinu.com\/test\/wp-content\/uploads\/2022\/05\/ricard-sulce-125x125.png 125w\" sizes=\"(max-width: 355px) 100vw, 355px\" \/><\/a><\/figure><div class=\"elementor-image-box-content\"><h2 class=\"elementor-image-box-title\"><a href=\"https:\/\/centarzaprirodnumedicinu.com\/category\/blogovi\/dr-ricard-sulc-blogovi\/\">Dr Ri\u010dard \u0160ulc<\/a><\/h2><p class=\"elementor-image-box-description\">Poznat je po svom holisti\u010dkom pristupu le\u010denju i sna\u017enom verovanju u samoisceljuju\u0107u mo\u0107 ljudskog tela.<\/p><\/div><\/div>\t\t\t\t<\/div>\n\t\t\t\t<\/div>\n\t\t\t\t<\/div>\n\t\t<div class=\"elementor-element elementor-element-8d10068 e-con-full e-flex e-con e-child\" data-id=\"8d10068\" data-element_type=\"container\" data-e-type=\"container\" data-settings=\"{&quot;background_background&quot;:&quot;classic&quot;}\">\n\t\t\t\t<div class=\"elementor-element elementor-element-7617775 elementor-position-left elementor-vertical-align-middle elementor-position-top elementor-widget elementor-widget-image-box\" data-id=\"7617775\" data-element_type=\"widget\" data-e-type=\"widget\" data-widget_type=\"image-box.default\">\n\t\t\t\t<div class=\"elementor-widget-container\">\n\t\t\t\t\t<div class=\"elementor-image-box-wrapper\"><figure class=\"elementor-image-box-img\"><a href=\"https:\/\/centarzaprirodnumedicinu.com\/category\/blogovi\/dr-dzon-kristofer-blogovi\/\" tabindex=\"-1\"><img decoding=\"async\" width=\"500\" height=\"507\" src=\"https:\/\/www.centarzaprirodnumedicinu.com\/test\/wp-content\/uploads\/2024\/09\/dzon-kristofer.webp\" class=\"attachment-full size-full wp-image-20573\" alt=\"\" srcset=\"https:\/\/www.centarzaprirodnumedicinu.com\/test\/wp-content\/uploads\/2024\/09\/dzon-kristofer.webp 500w, https:\/\/www.centarzaprirodnumedicinu.com\/test\/wp-content\/uploads\/2024\/09\/dzon-kristofer-296x300.webp 296w, https:\/\/www.centarzaprirodnumedicinu.com\/test\/wp-content\/uploads\/2024\/09\/dzon-kristofer-430x436.webp 430w, https:\/\/www.centarzaprirodnumedicinu.com\/test\/wp-content\/uploads\/2024\/09\/dzon-kristofer-150x152.webp 150w\" sizes=\"(max-width: 500px) 100vw, 500px\" \/><\/a><\/figure><div class=\"elementor-image-box-content\"><h3 class=\"elementor-image-box-title\"><a href=\"https:\/\/centarzaprirodnumedicinu.com\/category\/blogovi\/dr-dzon-kristofer-blogovi\/\">Dr D\u017eon Kristofer<\/a><\/h3><p class=\"elementor-image-box-description\">Jedan od pionira moderne herbalne medicine, Dr Kristofer je verovao u va\u017enost bilja za odr\u017eavanje zdravlja i le\u010denje bolesti.<\/p><\/div><\/div>\t\t\t\t<\/div>\n\t\t\t\t<\/div>\n\t\t\t\t<\/div>\n\t\t\t\t\t<\/div>\n\t\t\t\t<\/div>\n\t\t<div class=\"elementor-element elementor-element-ae66d86 e-flex e-con-boxed e-con e-parent\" data-id=\"ae66d86\" data-element_type=\"container\" data-e-type=\"container\">\n\t\t\t\t\t<div class=\"e-con-inner\">\n\t\t<div class=\"elementor-element elementor-element-1affbdf e-con-full e-flex e-con e-child\" data-id=\"1affbdf\" data-element_type=\"container\" data-e-type=\"container\" data-settings=\"{&quot;background_background&quot;:&quot;classic&quot;}\">\n\t\t\t\t<div class=\"elementor-element elementor-element-353b470 elementor-position-left elementor-vertical-align-middle elementor-position-top elementor-widget elementor-widget-image-box\" data-id=\"353b470\" data-element_type=\"widget\" data-e-type=\"widget\" data-widget_type=\"image-box.default\">\n\t\t\t\t<div class=\"elementor-widget-container\">\n\t\t\t\t\t<div class=\"elementor-image-box-wrapper\"><figure class=\"elementor-image-box-img\"><a href=\"https:\/\/centarzaprirodnumedicinu.com\/category\/videoteka\/nikola-markovic\/\" tabindex=\"-1\"><img decoding=\"async\" width=\"800\" height=\"900\" src=\"https:\/\/www.centarzaprirodnumedicinu.com\/test\/wp-content\/uploads\/2025\/04\/Untitled-design-2025-04-04T003808.323.png\" class=\"attachment-full size-full wp-image-22944\" alt=\"\" srcset=\"https:\/\/www.centarzaprirodnumedicinu.com\/test\/wp-content\/uploads\/2025\/04\/Untitled-design-2025-04-04T003808.323.png 800w, https:\/\/www.centarzaprirodnumedicinu.com\/test\/wp-content\/uploads\/2025\/04\/Untitled-design-2025-04-04T003808.323-768x864.png 768w, https:\/\/www.centarzaprirodnumedicinu.com\/test\/wp-content\/uploads\/2025\/04\/Untitled-design-2025-04-04T003808.323-430x484.png 430w, https:\/\/www.centarzaprirodnumedicinu.com\/test\/wp-content\/uploads\/2025\/04\/Untitled-design-2025-04-04T003808.323-700x788.png 700w, https:\/\/www.centarzaprirodnumedicinu.com\/test\/wp-content\/uploads\/2025\/04\/Untitled-design-2025-04-04T003808.323-150x169.png 150w\" sizes=\"(max-width: 800px) 100vw, 800px\" \/><\/a><\/figure><div class=\"elementor-image-box-content\"><h2 class=\"elementor-image-box-title\"><a href=\"https:\/\/centarzaprirodnumedicinu.com\/category\/videoteka\/nikola-markovic\/\">Dr Nikola Markovi\u0107<\/a><\/h2><p class=\"elementor-image-box-description\">Poznat je po svom holisti\u010dkom pristupu le\u010denju i sna\u017enom verovanju u samoisceljuju\u0107u mo\u0107 ljudskog tela.<\/p><\/div><\/div>\t\t\t\t<\/div>\n\t\t\t\t<\/div>\n\t\t\t\t<\/div>\n\t\t\t\t\t<\/div>\n\t\t\t\t<\/div>\n\t\t\t\t<\/div>\n\t\t","protected":false},"excerpt":{"rendered":"<p>Lekari i herbalisti &#8211; ljudi kojima dugujemo priznanje, bez njih prirodna medicina danas ne bi bila ono \u0161to jeste. Ova<\/p>\n","protected":false},"author":3,"featured_media":0,"parent":0,"menu_order":0,"comment_status":"closed","ping_status":"closed","template":"","meta":{"footnotes":""},"class_list":["post-20334","page","type-page","status-publish","hentry"],"_links":{"self":[{"href":"https:\/\/www.centarzaprirodnumedicinu.com\/test\/wp-json\/wp\/v2\/pages\/20334","targetHints":{"allow":["GET"]}}],"collection":[{"href":"https:\/\/www.centarzaprirodnumedicinu.com\/test\/wp-json\/wp\/v2\/pages"}],"about":[{"href":"https:\/\/www.centarzaprirodnumedicinu.com\/test\/wp-json\/wp\/v2\/types\/page"}],"author":[{"embeddable":true,"href":"https:\/\/www.centarzaprirodnumedicinu.com\/test\/wp-json\/wp\/v2\/users\/3"}],"replies":[{"embeddable":true,"href":"https:\/\/www.centarzaprirodnumedicinu.com\/test\/wp-json\/wp\/v2\/comments?post=20334"}],"version-history":[{"count":19,"href":"https:\/\/www.centarzaprirodnumedicinu.com\/test\/wp-json\/wp\/v2\/pages\/20334\/revisions"}],"predecessor-version":[{"id":25304,"href":"https:\/\/www.centarzaprirodnumedicinu.com\/test\/wp-json\/wp\/v2\/pages\/20334\/revisions\/25304"}],"wp:attachment":[{"href":"https:\/\/www.centarzaprirodnumedicinu.com\/test\/wp-json\/wp\/v2\/media?parent=20334"}],"curies":[{"name":"wp","href":"https:\/\/api.w.org\/{rel}","templated":true}]}}