{"id":20249,"date":"2024-09-02T20:36:06","date_gmt":"2024-09-02T18:36:06","guid":{"rendered":"https:\/\/centarzaprirodnumedicinu.com\/?page_id=20249"},"modified":"2025-11-26T07:07:33","modified_gmt":"2025-11-26T06:07:33","slug":"nase-usluge","status":"publish","type":"page","link":"https:\/\/www.centarzaprirodnumedicinu.com\/test\/nase-usluge\/","title":{"rendered":"Na\u0161e usluge"},"content":{"rendered":"\t\t<div data-elementor-type=\"wp-page\" data-elementor-id=\"20249\" class=\"elementor elementor-20249\" data-elementor-post-type=\"page\">\n\t\t\t\t<div class=\"elementor-element elementor-element-9741293 wd-section-stretch e-flex e-con-boxed e-con e-parent\" data-id=\"9741293\" data-element_type=\"container\" data-e-type=\"container\" data-settings=\"{&quot;background_background&quot;:&quot;classic&quot;}\">\n\t\t\t\t\t<div class=\"e-con-inner\">\n\t\t\t\t<div class=\"elementor-element elementor-element-4b29b0b color-scheme-inherit text-left elementor-widget elementor-widget-text-editor\" data-id=\"4b29b0b\" data-element_type=\"widget\" data-e-type=\"widget\" data-widget_type=\"text-editor.default\">\n\t\t\t\t<div class=\"elementor-widget-container\">\n\t\t\t\t\t\t\t\t\t<p><strong>Prirodna medicina \u034fnisu samo <a href=\"https:\/\/sr.wikipedia.org\/sr-ec\/%D0%9B%D0%B5%D0%BA%D0%BE%D0%B2%D0%B8%D1%82%D0%B5_%D0%B1%D0%B8%D1%99%D0%BA%D0%B5\" target=\"_blank\" rel=\"noopener\">lekovite biljke<\/a>, ve\u0107 to je na\u010din \u017eivo\u034fta\u034f.<\/strong> Na\u034f ovoj stranici pokazujemo sve na\u0161e usluge koje v\u034fa\u034fm \u034fmogu \u034fpomo\u0107\u034fi da dobijete u\u034fnutra\u0161nju ravnote\u017eu i obnavljate zdravlje na pri\u034frodan na\u010din. Bilo\u034f da vam je potrebn\u034fa konsultacija, p\u034frikladan plan ishr\u034fane, program <a href=\"https:\/\/centarzaprirodnumedicinu.com\/ziveti-u-skladu-sa-prirodom\/vodic-za-zdrav-zivot\/ovo-su-znaci-da-je-vasem-telu-potrebna-hitna-detoksikacija\/\">detoksikacije<\/a> ili prakt\u034fi\u010dna \u034fnastava \u034fiz prirodnog le\u010de\u034fnja,\u034f tu ste na pravom mestu. Prona\u0111ite pravu usl\u034fugu za vas\u034f i put da postanete najbolja verzija sebe!<\/p>\t\t\t\t\t\t\t\t<\/div>\n\t\t\t\t<\/div>\n\t\t\t\t\t<\/div>\n\t\t\t\t<\/div>\n\t\t<div class=\"wd-negative-gap elementor-element elementor-element-1415177 wd-section-stretch-content e-flex e-con-boxed e-con e-parent\" data-id=\"1415177\" data-element_type=\"container\" data-e-type=\"container\" data-settings=\"{&quot;background_background&quot;:&quot;classic&quot;}\">\n\t\t\t\t\t<div class=\"e-con-inner\">\n\t\t<div class=\"elementor-element elementor-element-0ca8b2c e-con-full e-flex e-con e-child\" data-id=\"0ca8b2c\" data-element_type=\"container\" data-e-type=\"container\">\n\t\t\t\t<div class=\"elementor-element elementor-element-5b7f492 wd-width-100 elementor-widget elementor-widget-wd_title\" data-id=\"5b7f492\" data-element_type=\"widget\" data-e-type=\"widget\" data-widget_type=\"wd_title.default\">\n\t\t\t\t<div class=\"elementor-widget-container\">\n\t\t\t\t\t\t\t<div class=\"title-wrapper wd-set-mb reset-last-child wd-title-color-white wd-title-style-default wd-title-size-default text-center\">\n\n\t\t\t\n\t\t\t<div class=\"liner-continer\">\n\t\t\t\t<h2 class=\"woodmart-title-container title wd-fontsize-l\">Konsultacije i razgovori<\/h2> \n\t\t\t\t\t\t\t<\/div>\n\n\t\t\t\t\t\t\t<div class=\"title-after_title reset-last-child wd-fontsize-xs\">\n\t\t\t\t\t<p>Prona\u0111ite odgovore na svoja zdravstvena pitanja kroz na\u0161e konsultacije i podr\u0161ku u dono\u0161enju ispravnih odluka za va\u0161 organizam.<\/p>\t\t\t\t<\/div>\n\t\t\t\t\t<\/div>\n\t\t\t\t\t\t<\/div>\n\t\t\t\t<\/div>\n\t\t\t\t<div class=\"elementor-element elementor-element-b70893b elementor-align-center elementor-widget elementor-widget-button\" data-id=\"b70893b\" data-element_type=\"widget\" data-e-type=\"widget\" data-widget_type=\"button.default\">\n\t\t\t\t<div class=\"elementor-widget-container\">\n\t\t\t\t\t\t\t\t\t<div class=\"elementor-button-wrapper\">\n\t\t\t\t\t<a class=\"elementor-button elementor-button-link elementor-size-sm\" href=\"https:\/\/centarzaprirodnumedicinu.com\/usluge\/konsultacije-i-razgovor\/\">\n\t\t\t\t\t\t<span class=\"elementor-button-content-wrapper\">\n\t\t\t\t\t\t\t\t\t<span class=\"elementor-button-text\">Pogledajte detaljnije<\/span>\n\t\t\t\t\t<\/span>\n\t\t\t\t\t<\/a>\n\t\t\t\t<\/div>\n\t\t\t\t\t\t\t\t<\/div>\n\t\t\t\t<\/div>\n\t\t\t\t<\/div>\n\t\t\t\t\t<\/div>\n\t\t\t\t<\/div>\n\t\t<div class=\"wd-negative-gap elementor-element elementor-element-89923b1 wd-section-stretch-content e-flex e-con-boxed e-con e-parent\" data-id=\"89923b1\" data-element_type=\"container\" data-e-type=\"container\" data-settings=\"{&quot;background_background&quot;:&quot;classic&quot;}\">\n\t\t\t\t\t<div class=\"e-con-inner\">\n\t\t<div class=\"elementor-element elementor-element-474deae e-con-full e-flex e-con e-child\" data-id=\"474deae\" data-element_type=\"container\" data-e-type=\"container\">\n\t\t\t\t<div class=\"elementor-element elementor-element-9adb08a wd-width-100 elementor-widget elementor-widget-wd_title\" data-id=\"9adb08a\" data-element_type=\"widget\" data-e-type=\"widget\" data-widget_type=\"wd_title.default\">\n\t\t\t\t<div class=\"elementor-widget-container\">\n\t\t\t\t\t\t\t<div class=\"title-wrapper wd-set-mb reset-last-child wd-title-color-white wd-title-style-default wd-title-size-default text-center\">\n\n\t\t\t\n\t\t\t<div class=\"liner-continer\">\n\t\t\t\t<h2 class=\"woodmart-title-container title wd-fontsize-l\">Izrada programa ishrane<\/h2> \n\t\t\t\t\t\t\t<\/div>\n\n\t\t\t\t\t\t\t<div class=\"title-after_title reset-last-child wd-fontsize-xs\">\n\t\t\t\t\t<p>Kreiramo personalizovane planove ishrane, osmi\u0161ljene prema va\u0161im potrebama, koriste\u0107i prirodne metode koje podr\u017eavaju regeneraciju i optimalno funkcionisanje organizma.<\/p>\t\t\t\t<\/div>\n\t\t\t\t\t<\/div>\n\t\t\t\t\t\t<\/div>\n\t\t\t\t<\/div>\n\t\t\t\t<div class=\"elementor-element elementor-element-99cd1a8 elementor-align-center elementor-widget elementor-widget-button\" data-id=\"99cd1a8\" data-element_type=\"widget\" data-e-type=\"widget\" data-widget_type=\"button.default\">\n\t\t\t\t<div class=\"elementor-widget-container\">\n\t\t\t\t\t\t\t\t\t<div class=\"elementor-button-wrapper\">\n\t\t\t\t\t<a class=\"elementor-button elementor-button-link elementor-size-sm\" href=\"https:\/\/www.centarzaprirodnumedicinu.com\/nase-usluge\/izrada-programa-ishrane\/\">\n\t\t\t\t\t\t<span class=\"elementor-button-content-wrapper\">\n\t\t\t\t\t\t\t\t\t<span class=\"elementor-button-text\">Pogledajte detaljnije<\/span>\n\t\t\t\t\t<\/span>\n\t\t\t\t\t<\/a>\n\t\t\t\t<\/div>\n\t\t\t\t\t\t\t\t<\/div>\n\t\t\t\t<\/div>\n\t\t\t\t<\/div>\n\t\t\t\t\t<\/div>\n\t\t\t\t<\/div>\n\t\t<div class=\"wd-negative-gap elementor-element elementor-element-14b7f76 wd-section-stretch-content e-flex e-con-boxed e-con e-parent\" data-id=\"14b7f76\" data-element_type=\"container\" data-e-type=\"container\" data-settings=\"{&quot;background_background&quot;:&quot;classic&quot;}\">\n\t\t\t\t\t<div class=\"e-con-inner\">\n\t\t<div class=\"elementor-element elementor-element-ee539a4 e-con-full e-flex e-con e-child\" data-id=\"ee539a4\" data-element_type=\"container\" data-e-type=\"container\">\n\t\t\t\t<div class=\"elementor-element elementor-element-bdcf6a8 wd-width-100 elementor-widget elementor-widget-wd_title\" data-id=\"bdcf6a8\" data-element_type=\"widget\" data-e-type=\"widget\" data-widget_type=\"wd_title.default\">\n\t\t\t\t<div class=\"elementor-widget-container\">\n\t\t\t\t\t\t\t<div class=\"title-wrapper wd-set-mb reset-last-child wd-title-color-white wd-title-style-default wd-title-size-default text-center\">\n\n\t\t\t\n\t\t\t<div class=\"liner-continer\">\n\t\t\t\t<h2 class=\"woodmart-title-container title wd-fontsize-l\">Izrada DETOX programa <\/h2> \n\t\t\t\t\t\t\t<\/div>\n\n\t\t\t\t\t\t\t<div class=\"title-after_title reset-last-child wd-fontsize-xs\">\n\t\t\t\t\t<p>Sastavljamo sveobuhvatne terapijske planove zasnovane na prirodnim metodama, fokusiraju\u0107i se na uzroke problema, ja\u010danje imuniteta i dugoro\u010dno zdravlje.<\/p>\t\t\t\t<\/div>\n\t\t\t\t\t<\/div>\n\t\t\t\t\t\t<\/div>\n\t\t\t\t<\/div>\n\t\t\t\t<div class=\"elementor-element elementor-element-ea0e217 elementor-align-center elementor-widget elementor-widget-button\" data-id=\"ea0e217\" data-element_type=\"widget\" data-e-type=\"widget\" data-widget_type=\"button.default\">\n\t\t\t\t<div class=\"elementor-widget-container\">\n\t\t\t\t\t\t\t\t\t<div class=\"elementor-button-wrapper\">\n\t\t\t\t\t<a class=\"elementor-button elementor-button-link elementor-size-sm\" href=\"https:\/\/centarzaprirodnumedicinu.com\/usluge\/program-prirodnog-lecenja\/\">\n\t\t\t\t\t\t<span class=\"elementor-button-content-wrapper\">\n\t\t\t\t\t\t\t\t\t<span class=\"elementor-button-text\">Pogledajte detaljnije<\/span>\n\t\t\t\t\t<\/span>\n\t\t\t\t\t<\/a>\n\t\t\t\t<\/div>\n\t\t\t\t\t\t\t\t<\/div>\n\t\t\t\t<\/div>\n\t\t\t\t<\/div>\n\t\t\t\t\t<\/div>\n\t\t\t\t<\/div>\n\t\t<div class=\"wd-negative-gap elementor-element elementor-element-a30ea5b wd-section-stretch-content e-flex e-con-boxed e-con e-parent\" data-id=\"a30ea5b\" data-element_type=\"container\" data-e-type=\"container\" data-settings=\"{&quot;background_background&quot;:&quot;classic&quot;}\">\n\t\t\t\t\t<div class=\"e-con-inner\">\n\t\t<div class=\"elementor-element elementor-element-2c633fd e-con-full e-flex e-con e-child\" data-id=\"2c633fd\" data-element_type=\"container\" data-e-type=\"container\">\n\t\t\t\t<div class=\"elementor-element elementor-element-3c0f4d6 wd-width-100 elementor-widget elementor-widget-wd_title\" data-id=\"3c0f4d6\" data-element_type=\"widget\" data-e-type=\"widget\" data-widget_type=\"wd_title.default\">\n\t\t\t\t<div class=\"elementor-widget-container\">\n\t\t\t\t\t\t\t<div class=\"title-wrapper wd-set-mb reset-last-child wd-title-color-white wd-title-style-default wd-title-size-default text-center\">\n\n\t\t\t\n\t\t\t<div class=\"liner-continer\">\n\t\t\t\t<h2 class=\"woodmart-title-container title wd-fontsize-l\">\u0160kola prirodnog le\u010denja<\/h2> \n\t\t\t\t\t\t\t<\/div>\n\n\t\t\t\t\t\t\t<div class=\"title-after_title reset-last-child wd-fontsize-xs\">\n\t\t\t\t\t<p>Nau\u010dite osnove prirodne medicine, kako da koristite biljne preparate i zdrave \u017eivotne navike za preventivu i tretman razli\u010ditih stanja.<\/p>\t\t\t\t<\/div>\n\t\t\t\t\t<\/div>\n\t\t\t\t\t\t<\/div>\n\t\t\t\t<\/div>\n\t\t\t\t<div class=\"elementor-element elementor-element-d320d38 elementor-align-center elementor-widget elementor-widget-button\" data-id=\"d320d38\" data-element_type=\"widget\" data-e-type=\"widget\" data-widget_type=\"button.default\">\n\t\t\t\t<div class=\"elementor-widget-container\">\n\t\t\t\t\t\t\t\t\t<div class=\"elementor-button-wrapper\">\n\t\t\t\t\t<a class=\"elementor-button elementor-button-link elementor-size-sm\" href=\"https:\/\/centarzaprirodnumedicinu.com\/usluge\/skola-prirodne-medicine\/\">\n\t\t\t\t\t\t<span class=\"elementor-button-content-wrapper\">\n\t\t\t\t\t\t\t\t\t<span class=\"elementor-button-text\">Pogledajte detaljnije<\/span>\n\t\t\t\t\t<\/span>\n\t\t\t\t\t<\/a>\n\t\t\t\t<\/div>\n\t\t\t\t\t\t\t\t<\/div>\n\t\t\t\t<\/div>\n\t\t\t\t<\/div>\n\t\t\t\t\t<\/div>\n\t\t\t\t<\/div>\n\t\t<div class=\"wd-negative-gap elementor-element elementor-element-e764924 wd-section-stretch-content e-flex e-con-boxed e-con e-parent\" data-id=\"e764924\" data-element_type=\"container\" data-e-type=\"container\" data-settings=\"{&quot;background_background&quot;:&quot;classic&quot;}\">\n\t\t\t\t\t<div class=\"e-con-inner\">\n\t\t<div class=\"elementor-element elementor-element-ada0e77 e-con-full e-flex e-con e-child\" data-id=\"ada0e77\" data-element_type=\"container\" data-e-type=\"container\">\n\t\t\t\t<div class=\"elementor-element elementor-element-6cbf8f6 elementor-widget elementor-widget-image\" data-id=\"6cbf8f6\" data-element_type=\"widget\" data-e-type=\"widget\" data-widget_type=\"image.default\">\n\t\t\t\t<div class=\"elementor-widget-container\">\n\t\t\t\t\t\t\t\t\t\t\t\t\t\t\t<img decoding=\"async\" width=\"534\" height=\"800\" src=\"https:\/\/www.centarzaprirodnumedicinu.com\/test\/wp-content\/uploads\/2025\/05\/cedjeni_sokovi.webp\" class=\"attachment-large size-large wp-image-24626\" alt=\"Na\u0161e usluge\" srcset=\"https:\/\/www.centarzaprirodnumedicinu.com\/test\/wp-content\/uploads\/2025\/05\/cedjeni_sokovi.webp 534w, https:\/\/www.centarzaprirodnumedicinu.com\/test\/wp-content\/uploads\/2025\/05\/cedjeni_sokovi-430x644.webp 430w, https:\/\/www.centarzaprirodnumedicinu.com\/test\/wp-content\/uploads\/2025\/05\/cedjeni_sokovi-150x225.webp 150w\" sizes=\"(max-width: 534px) 100vw, 534px\" \/>\t\t\t\t\t\t\t\t\t\t\t\t\t\t\t<\/div>\n\t\t\t\t<\/div>\n\t\t\t\t<\/div>\n\t\t<div class=\"elementor-element elementor-element-4333aa1 e-con-full e-flex e-con e-child\" data-id=\"4333aa1\" data-element_type=\"container\" data-e-type=\"container\" data-settings=\"{&quot;background_background&quot;:&quot;classic&quot;}\">\n\t\t\t\t<div class=\"elementor-element elementor-element-6e65110 wd-width-100 elementor-widget elementor-widget-wd_title\" data-id=\"6e65110\" data-element_type=\"widget\" data-e-type=\"widget\" data-widget_type=\"wd_title.default\">\n\t\t\t\t<div class=\"elementor-widget-container\">\n\t\t\t\t\t\t\t<div class=\"title-wrapper wd-set-mb reset-last-child wd-title-color-white wd-title-style-default wd-title-size-default text-left\">\n\n\t\t\t\n\t\t\t<div class=\"liner-continer\">\n\t\t\t\t<h3 class=\"woodmart-title-container title wd-fontsize-l\">Novi po\u010detak<\/h3> \n\t\t\t\t\t\t\t<\/div>\n\n\t\t\t\t\t\t\t<div class=\"title-after_title reset-last-child wd-fontsize-xs\">\n\t\t\t\t\t<p>Promena na\u010dina \u017eivota ne dolazi preko no\u0107i. To nije laka odluka \u2013 jer tra\u017ei suo\u010davanje sa sobom, navikama koje nas vuku unazad i potrebom da iza\u0111emo iz zone komfora. Ipak, u trenutku kada odlu\u010dimo da \u017eelimo bolje, zdravije i svesnije \u2013 ve\u0107 smo napravili prvi va\u017ean korak. U tim trenucima va\u017eno je da <strong>niste sami<\/strong>. Zato smo ovde \u2013 da vam budemo <strong>oslonac, vodi\u010d i podr\u0161ka<\/strong> na va\u0161em putu promene.<\/p><p>Bilo da vam je potrebna <strong>stru\u010dna konsultacija<\/strong>, <strong>personalizovani program prirodnog le\u010denja<\/strong>, <strong>plan ishrane<\/strong>, <strong>biljna terapija<\/strong>, <strong>detoksikacija organizma<\/strong> ili <strong>prakti\u010dna edukacija<\/strong>, mi smo tu da slu\u0161amo, razumemo i pru\u017eimo ono \u0161to vam zaista treba. Na\u0161 pristup je <strong>individualan, nenametljiv i utemeljen u prirodnoj medicini<\/strong>. Verujemo da ne postoji univerzalna formula, ve\u0107 <strong>put koji mora biti prilago\u0111en svakom \u010doveku pojedina\u010dno<\/strong> \u2013 njegovom telu, ritmu, na\u010dinu \u017eivota i potrebama.<\/p><p>Usluge koje pru\u017eamo nisu samo re\u0161enja \u2013 ve\u0107 <strong>proces saradnje i podr\u0161ke<\/strong>. Kroz razgovor i analizu poma\u017eemo vam da donesete prave odluke, nau\u010dite kako da brinete o svom telu, i postepeno usvojite zdravije navike koje ostaju.<\/p><p>Ako ste spremni da napravite promenu \u2013 <strong>mi smo tu da budemo uz vas na svakom koraku tog puta<\/strong>.<\/p>\t\t\t\t<\/div>\n\t\t\t\t\t<\/div>\n\t\t\t\t\t\t<\/div>\n\t\t\t\t<\/div>\n\t\t\t\t<\/div>\n\t\t\t\t\t<\/div>\n\t\t\t\t<\/div>\n\t\t\t\t<\/div>\n\t\t","protected":false},"excerpt":{"rendered":"<p>Prirodna medicina \u034fnisu samo lekovite biljke, ve\u0107 to je na\u010din \u017eivo\u034fta\u034f. Na\u034f ovoj stranici pokazujemo sve na\u0161e usluge koje v\u034fa\u034fm<\/p>\n","protected":false},"author":3,"featured_media":0,"parent":0,"menu_order":0,"comment_status":"closed","ping_status":"closed","template":"","meta":{"footnotes":""},"class_list":["post-20249","page","type-page","status-publish","hentry"],"_links":{"self":[{"href":"https:\/\/www.centarzaprirodnumedicinu.com\/test\/wp-json\/wp\/v2\/pages\/20249","targetHints":{"allow":["GET"]}}],"collection":[{"href":"https:\/\/www.centarzaprirodnumedicinu.com\/test\/wp-json\/wp\/v2\/pages"}],"about":[{"href":"https:\/\/www.centarzaprirodnumedicinu.com\/test\/wp-json\/wp\/v2\/types\/page"}],"author":[{"embeddable":true,"href":"https:\/\/www.centarzaprirodnumedicinu.com\/test\/wp-json\/wp\/v2\/users\/3"}],"replies":[{"embeddable":true,"href":"https:\/\/www.centarzaprirodnumedicinu.com\/test\/wp-json\/wp\/v2\/comments?post=20249"}],"version-history":[{"count":142,"href":"https:\/\/www.centarzaprirodnumedicinu.com\/test\/wp-json\/wp\/v2\/pages\/20249\/revisions"}],"predecessor-version":[{"id":26968,"href":"https:\/\/www.centarzaprirodnumedicinu.com\/test\/wp-json\/wp\/v2\/pages\/20249\/revisions\/26968"}],"wp:attachment":[{"href":"https:\/\/www.centarzaprirodnumedicinu.com\/test\/wp-json\/wp\/v2\/media?parent=20249"}],"curies":[{"name":"wp","href":"https:\/\/api.w.org\/{rel}","templated":true}]}}